{"id":184,"date":"2020-08-19T18:10:44","date_gmt":"2020-08-19T16:10:44","guid":{"rendered":"http:\/\/localhost\/apras.org?page_id=184"},"modified":"2025-11-18T16:45:38","modified_gmt":"2025-11-18T15:45:38","slug":"presentation","status":"publish","type":"page","link":"https:\/\/www.apras.org\/en\/presentation\/","title":{"rendered":"Les Espaces Sociaux Communs"},"content":{"rendered":"\n<h2 class=\"wp-block-heading\">A LA FIN DES ANN\u00c9ES 80, <\/h2>\n\n\n\n<div class=\"wp-block-group\"><div class=\"wp-block-group__inner-container is-layout-flow wp-block-group-is-layout-flow\">\n<p>La <strong>Ville de Rennes<\/strong>, le <strong>Conseil g\u00e9n\u00e9ral d\u2019Ille-et-Vilaine<\/strong> et la <strong>Caisse d\u2019Allocations Familiales d\u2019Ille-et-Vilaine<\/strong> engagent une r\u00e9flexion qui conduira \u00e0 <strong>la cr\u00e9ation des Espaces Sociaux Communs<\/strong>.<\/p>\n<\/div><\/div>\n\n\n\n<div class=\"wp-block-columns is-layout-flex wp-container-core-columns-is-layout-9d6595d7 wp-block-columns-is-layout-flex\">\n<div class=\"wp-block-column is-vertically-aligned-center is-layout-flow wp-block-column-is-layout-flow\" style=\"flex-basis:50%\">\n<p>Cette r\u00e9flexion r\u00e9sultait de la conjugaison de plusieurs facteurs&nbsp;: \u00e9volution du cadre juridique des politiques sociales (lois de d\u00e9centralisation, cr\u00e9ation des CCAS\u2026), essor des politiques d\u2019insertion (cr\u00e9ation du RMI), d\u00e9veloppement de la \u00ab&nbsp;politique de la Ville&nbsp;\u00bb (Habitat Vie Sociale, DSQ\u2026), \u00e9volution des probl\u00e9matiques sociales avec l\u2019installation durable d\u2019un ch\u00f4mage de masse, complexification pour les usagers de l\u2019acc\u00e8s \u00e0 l\u2019information et aux droits sociaux.<\/p>\n<\/div>\n\n\n\n<div class=\"wp-block-column is-vertically-aligned-center is-layout-flow wp-block-column-is-layout-flow\" style=\"flex-basis:50%\">\n<figure class=\"wp-block-image size-large img-fluid\"><img decoding=\"async\" width=\"1110\" height=\"760\" data-src=\"https:\/\/www.apras.org\/wp-content\/uploads\/2020\/09\/espace-du-gros-chene-maurepas-1110x760.jpg\" alt=\"\" class=\"wp-image-551 lazyload\" data-srcset=\"https:\/\/www.apras.org\/wp-content\/uploads\/2020\/09\/espace-du-gros-chene-maurepas-1110x760.jpg 1110w, https:\/\/www.apras.org\/wp-content\/uploads\/2020\/09\/espace-du-gros-chene-maurepas-438x300.jpg 438w, https:\/\/www.apras.org\/wp-content\/uploads\/2020\/09\/espace-du-gros-chene-maurepas-768x526.jpg 768w, https:\/\/www.apras.org\/wp-content\/uploads\/2020\/09\/espace-du-gros-chene-maurepas.jpg 1198w\" data-sizes=\"(max-width: 1110px) 100vw, 1110px\" src=\"data:image\/svg+xml;base64,PHN2ZyB3aWR0aD0iMSIgaGVpZ2h0PSIxIiB4bWxucz0iaHR0cDovL3d3dy53My5vcmcvMjAwMC9zdmciPjwvc3ZnPg==\" style=\"--smush-placeholder-width: 1110px; --smush-placeholder-aspect-ratio: 1110\/760;\" \/><\/figure>\n<\/div>\n<\/div>\n\n\n\n<p>Ces \u00e9volutions s&#8217;inscrivaient localement dans un contexte o\u00f9 le partenariat en place permettait d&#8217;avancer sur les questions de d\u00e9veloppement social territorial, de participation des habitants.<\/p>\n\n\n\n<div style=\"height:20px\" aria-hidden=\"true\" class=\"wp-block-spacer\"><\/div>\n\n\n\n<h2 class=\"wp-block-heading\">EN 1994<\/h2>\n\n\n\n<p>Les 3 partenaires saisissent une opportunit\u00e9 immobili\u00e8re. Le D\u00e9partement cherche un nouveau lieu pour ses services, la Ville de Rennes veut implanter sa mairie annexe et le CCAS qu&#8217;elle a d\u00e9cid\u00e9 de d\u00e9concentrer, la CAF veut \u00e9galement changer la localisation de son centre social \u00e0 Maurepas. Au m\u00eame moment, le centre commercial du Gros Ch\u00eane est en reconstruction : l&#8217;<strong>occasion est saisie de concr\u00e9tiser la r\u00e9flexion engag\u00e9e<\/strong>.<\/p>\n\n\n\n<div style=\"height:20px\" aria-hidden=\"true\" class=\"wp-block-spacer\"><\/div>\n\n\n\n<p><\/p>\n\n\n\n<h2 class=\"wp-block-heading\">TROIS ANS PLUS TARD<\/h2>\n\n\n\n<p><\/p>\n\n\n\n<div class=\"wp-block-columns is-layout-flex wp-container-core-columns-is-layout-9d6595d7 wp-block-columns-is-layout-flex\">\n<div class=\"wp-block-column is-layout-flow wp-block-column-is-layout-flow\" style=\"flex-basis:25.4%\">\n<figure class=\"wp-block-image size-large is-resized\"><img decoding=\"async\" width=\"1091\" height=\"980\" data-src=\"https:\/\/www.apras.org\/wp-content\/uploads\/2020\/08\/espace-social-commun-kennedy.jpg\" alt=\"\" class=\"wp-image-264 lazyload\" style=\"--smush-placeholder-width: 1091px; --smush-placeholder-aspect-ratio: 1091\/980;width:217px;height:195px\" data-srcset=\"https:\/\/www.apras.org\/wp-content\/uploads\/2020\/08\/espace-social-commun-kennedy.jpg 1091w, https:\/\/www.apras.org\/wp-content\/uploads\/2020\/08\/espace-social-commun-kennedy-334x300.jpg 334w, https:\/\/www.apras.org\/wp-content\/uploads\/2020\/08\/espace-social-commun-kennedy-768x690.jpg 768w\" data-sizes=\"(max-width: 1091px) 100vw, 1091px\" src=\"data:image\/svg+xml;base64,PHN2ZyB3aWR0aD0iMSIgaGVpZ2h0PSIxIiB4bWxucz0iaHR0cDovL3d3dy53My5vcmcvMjAwMC9zdmciPjwvc3ZnPg==\" \/><\/figure>\n<\/div>\n\n\n\n<div class=\"wp-block-column is-layout-flow wp-block-column-is-layout-flow\">\n<p>Le premier septembre 1997 le premier Espace Social Commun ouvre ses portes au gros ch\u00eane. Suivront les ouvertures des ESC suivants :<br>&#8211; Cleunay, le 24 septembre 2002<br>&#8211; Rennes Centre, en octobre 2005<br>&#8211; Le Blosne, le 15 f\u00e9vrier 2006<br>&#8211; Villejean, le 30 mars 2007,<br>&#8211; Br\u00e9quigny : le 1er mars 2011.<\/p>\n<\/div>\n<\/div>\n\n\n\n<p><\/p>\n\n\n\n<hr class=\"wp-block-separator has-css-opacity\"\/>\n\n\n\n<h2 class=\"wp-block-heading\">4 GRANDS PRINCIPES<\/h2>\n\n\n\n<p>Ce projet interinstitutionnel s\u2019articule autour de 4 grands principes&nbsp;qui seront formalis\u00e9s en 2003 dans une charte et feront r\u00e9f\u00e9rence pour les 5 \u00e9quipements suivants&nbsp;:<\/p>\n\n\n\n<ul class=\"wp-block-list\">\n<li>La <strong>simplification de l\u2019acc\u00e8s aux droits<\/strong> sociaux et prestations,<\/li>\n\n\n\n<li>L\u2019<strong>am\u00e9lioration des interventions<\/strong>,<\/li>\n\n\n\n<li>Le <strong>soutien \u00e0 l\u2019expression<\/strong> des habitants et des usagers,<\/li>\n\n\n\n<li>Le<strong> soutien aux initiatives des habitants et \u00e0 leur implication <\/strong>dans une d\u00e9marche de d\u00e9veloppement local.<\/li>\n<\/ul>\n\n\n\n<p><strong>Un cinqui\u00e8me principe, celui de mixit\u00e9 des usages<\/strong>, s\u2019est progressivement impos\u00e9 et a conduit \u00e0 ouvrir les ESC \u00e0 des activit\u00e9s autres que \u00ab&nbsp;sociales&nbsp;\u00bb. Il en est ainsi de l\u2019ESC Aim\u00e9 C\u00e9saire \u00e0 Br\u00e9quigny qui accueille une biblioth\u00e8que municipale.<\/p>\n\n\n\n<p><\/p>\n\n\n\n<hr class=\"wp-block-separator has-css-opacity\"\/>\n\n\n\n<h2 class=\"wp-block-heading\">2024, ouverture de l\u2019ESC Simone IFF \u00e0 Maurepas<\/h2>\n\n\n\n<blockquote class=\"wp-block-quote has-text-align-right is-style-large is-layout-flow wp-block-quote-is-layout-flow\">\n<p><\/p>\n<\/blockquote>\n\n\n\n<p class=\"has-text-align-left\">Depuis f\u00e9vrier 2024, suite \u00e0 plusieurs r\u00e9flexions et travaux dans le cadre des op\u00e9rations de renouvellement urbain du quartier de Maurepas, un nouvel \u00e9quipement repositionn\u00e9 au c\u0153ur du secteur des Gayeulles, \u00e0 proximit\u00e9 imm\u00e9diate de la station de m\u00e9tro, a vu le jour et accueille les \u00e9quipes et activit\u00e9s pr\u00e9c\u00e9demment abrit\u00e9es dans le site du Gros Ch\u00eane ainsi que de nouveaux services.<\/p>\n\n\n\n<figure class=\"wp-block-image size-full is-resized\"><img decoding=\"async\" width=\"900\" height=\"600\" data-src=\"https:\/\/www.apras.org\/wp-content\/uploads\/2024\/08\/Inauguration-Espace-social-Commun-ESC-Simone-Iff-a-Maurepas-Arnaud-Loubry-Rennes-Ville-et-Metropole-2024-04-17-RM-936629.jpg\" alt=\"\" class=\"wp-image-2804 lazyload\" style=\"--smush-placeholder-width: 900px; --smush-placeholder-aspect-ratio: 900\/600;width:727px;height:auto\" data-srcset=\"https:\/\/www.apras.org\/wp-content\/uploads\/2024\/08\/Inauguration-Espace-social-Commun-ESC-Simone-Iff-a-Maurepas-Arnaud-Loubry-Rennes-Ville-et-Metropole-2024-04-17-RM-936629.jpg 900w, https:\/\/www.apras.org\/wp-content\/uploads\/2024\/08\/Inauguration-Espace-social-Commun-ESC-Simone-Iff-a-Maurepas-Arnaud-Loubry-Rennes-Ville-et-Metropole-2024-04-17-RM-936629-450x300.jpg 450w, https:\/\/www.apras.org\/wp-content\/uploads\/2024\/08\/Inauguration-Espace-social-Commun-ESC-Simone-Iff-a-Maurepas-Arnaud-Loubry-Rennes-Ville-et-Metropole-2024-04-17-RM-936629-600x400.jpg 600w, https:\/\/www.apras.org\/wp-content\/uploads\/2024\/08\/Inauguration-Espace-social-Commun-ESC-Simone-Iff-a-Maurepas-Arnaud-Loubry-Rennes-Ville-et-Metropole-2024-04-17-RM-936629-500x334.jpg 500w\" data-sizes=\"(max-width: 900px) 100vw, 900px\" src=\"data:image\/svg+xml;base64,PHN2ZyB3aWR0aD0iMSIgaGVpZ2h0PSIxIiB4bWxucz0iaHR0cDovL3d3dy53My5vcmcvMjAwMC9zdmciPjwvc3ZnPg==\" \/><\/figure>\n\n\n\n<p>Cr\u00e9dit photo : Arnaud Loubry<\/p>\n\n\n\n<hr class=\"wp-block-separator has-css-opacity\"\/>\n\n\n\n<p><\/p>\n\n\n\n<p><\/p>\n\n\n<div id=\"titre-parag-block_9ad0b6d2ccd1d9d00d21596bcee08691\" class=\"titre-parag-block card mb-6 shadow-lg bg-secondary text-white\">\r\n\t<div class=\"card-body\">\r\n\t\t<h3 class=\"titre-parag-title text-center display-3\">L\u2019APRAS<\/h3>\r\n    <div class=\"titre-parag-texte text-center\">\r\n        <p>organise et anime le pilotage du projet des ESC, apporte un appui aux responsables dans les sites, accompagne les travaux th\u00e9matiques dans les sites ou de mani\u00e8re transversale (accueil commun, fragilit\u00e9s psychologiques, partage de diagnostics, num\u00e9rique, rencontres inter \u00e9quipements&#8230;), ainsi que les projets de nouveaux \u00e9quipements.<br \/>\n &#8211;<\/p>\n    <\/div>\r\n\t<\/div>\r\n    \r\n<\/div>\n\n\n<p><\/p>\n\n\n\n<p><br>Pour aller plus loin :<\/p>\n\n\n\n<div class=\"wp-block-group\"><div class=\"wp-block-group__inner-container is-layout-flow wp-block-group-is-layout-flow\">\n<p><a data-type=\"URL\" data-id=\"https:\/\/www.apras.org\/documents\/rapport-sur-les-espaces-sociaux-communs\/\" href=\"https:\/\/www.apras.org\/documents\/rapport-sur-les-espaces-sociaux-communs\/\">Rapport APRAS &#8211; 2007<\/a><br><a data-type=\"URL\" data-id=\"https:\/\/www.apras.org\/documents\/charte-des-espaces-sociaux-communs\/\" href=\"https:\/\/www.apras.org\/documents\/charte-des-espaces-sociaux-communs\/\">Charte des ESC &#8211; 2015<\/a><br><a href=\"https:\/\/www.apras.org\/documents\/etat-des-lieux-evaluation-des-accueils-communs-dans-les-esc-rennais\/\" target=\"_blank\" rel=\"noreferrer noopener\">Rapport d\u2019\u00e9valuation des accueils communs<\/a><br><a data-type=\"URL\" data-id=\"https:\/\/www.apras.org\/documents\/socle-commun-projet-daccueil\/\" href=\"https:\/\/www.apras.org\/documents\/socle-commun-projet-daccueil\/\">Socle commun du projet d\u2019accueil &#8211; 2019<\/a><\/p>\n<\/div><\/div>\n","protected":false},"excerpt":{"rendered":"<p>A LA FIN DES ANN\u00c9ES 80, La Ville de Rennes, le Conseil g\u00e9n\u00e9ral d\u2019Ille-et-Vilaine et la Caisse d\u2019Allocations Familiales d\u2019Ille-et-Vilaine engagent une r\u00e9flexion qui conduira \u00e0 la cr\u00e9ation des Espaces Sociaux Communs. Cette r\u00e9flexion r\u00e9sultait de la conjugaison de plusieurs facteurs&nbsp;: \u00e9volution du cadre juridique des politiques sociales (lois de d\u00e9centralisation, cr\u00e9ation des CCAS\u2026), essor [&hellip;]<\/p>\n","protected":false},"author":1,"featured_media":271,"parent":0,"menu_order":0,"comment_status":"closed","ping_status":"closed","template":"","meta":{"_acf_changed":false,"footnotes":""},"class_list":["post-184","page","type-page","status-publish","has-post-thumbnail","hentry"],"acf":[],"yoast_head":"<!-- This site is optimized with the Yoast SEO plugin v27.5 - https:\/\/yoast.com\/product\/yoast-seo-wordpress\/ -->\n<title>Les Espaces Sociaux Communs - APRAS<\/title>\n<meta name=\"robots\" content=\"index, follow, max-snippet:-1, max-image-preview:large, max-video-preview:-1\" \/>\n<link rel=\"canonical\" href=\"https:\/\/www.apras.org\/presentation\/\" \/>\n<meta property=\"og:locale\" content=\"en_US\" \/>\n<meta property=\"og:type\" content=\"article\" \/>\n<meta property=\"og:title\" content=\"Les Espaces Sociaux Communs - APRAS\" \/>\n<meta property=\"og:description\" content=\"A LA FIN DES ANN\u00c9ES 80, La Ville de Rennes, le Conseil g\u00e9n\u00e9ral d\u2019Ille-et-Vilaine et la Caisse d\u2019Allocations Familiales d\u2019Ille-et-Vilaine engagent une r\u00e9flexion qui conduira \u00e0 la cr\u00e9ation des Espaces Sociaux Communs. Cette r\u00e9flexion r\u00e9sultait de la conjugaison de plusieurs facteurs&nbsp;: \u00e9volution du cadre juridique des politiques sociales (lois de d\u00e9centralisation, cr\u00e9ation des CCAS\u2026), essor [&hellip;]\" \/>\n<meta property=\"og:url\" content=\"https:\/\/www.apras.org\/presentation\/\" \/>\n<meta property=\"og:site_name\" content=\"APRAS\" \/>\n<meta property=\"article:modified_time\" content=\"2025-11-18T15:45:38+00:00\" \/>\n<meta property=\"og:image\" content=\"https:\/\/www.apras.org\/wp-content\/uploads\/2020\/08\/VILLEJEAN-PANO-scaled.jpg\" \/>\n\t<meta property=\"og:image:width\" content=\"2560\" \/>\n\t<meta property=\"og:image:height\" content=\"1646\" \/>\n\t<meta property=\"og:image:type\" content=\"image\/jpeg\" \/>\n<meta name=\"twitter:card\" content=\"summary_large_image\" \/>\n<meta name=\"twitter:label1\" content=\"Est. reading time\" \/>\n\t<meta name=\"twitter:data1\" content=\"4 minutes\" \/>\n<script type=\"application\/ld+json\" class=\"yoast-schema-graph\">{\"@context\":\"https:\\\/\\\/schema.org\",\"@graph\":[{\"@type\":\"WebPage\",\"@id\":\"https:\\\/\\\/www.apras.org\\\/presentation\\\/\",\"url\":\"https:\\\/\\\/www.apras.org\\\/presentation\\\/\",\"name\":\"Les Espaces Sociaux Communs - APRAS\",\"isPartOf\":{\"@id\":\"https:\\\/\\\/www.apras.org\\\/#website\"},\"primaryImageOfPage\":{\"@id\":\"https:\\\/\\\/www.apras.org\\\/presentation\\\/#primaryimage\"},\"image\":{\"@id\":\"https:\\\/\\\/www.apras.org\\\/presentation\\\/#primaryimage\"},\"thumbnailUrl\":\"https:\\\/\\\/www.apras.org\\\/wp-content\\\/uploads\\\/2020\\\/08\\\/VILLEJEAN-PANO-scaled.jpg\",\"datePublished\":\"2020-08-19T16:10:44+00:00\",\"dateModified\":\"2025-11-18T15:45:38+00:00\",\"breadcrumb\":{\"@id\":\"https:\\\/\\\/www.apras.org\\\/presentation\\\/#breadcrumb\"},\"inLanguage\":\"en-US\",\"potentialAction\":[{\"@type\":\"ReadAction\",\"target\":[\"https:\\\/\\\/www.apras.org\\\/presentation\\\/\"]}]},{\"@type\":\"ImageObject\",\"inLanguage\":\"en-US\",\"@id\":\"https:\\\/\\\/www.apras.org\\\/presentation\\\/#primaryimage\",\"url\":\"https:\\\/\\\/www.apras.org\\\/wp-content\\\/uploads\\\/2020\\\/08\\\/VILLEJEAN-PANO-scaled.jpg\",\"contentUrl\":\"https:\\\/\\\/www.apras.org\\\/wp-content\\\/uploads\\\/2020\\\/08\\\/VILLEJEAN-PANO-scaled.jpg\",\"width\":2560,\"height\":1646},{\"@type\":\"BreadcrumbList\",\"@id\":\"https:\\\/\\\/www.apras.org\\\/presentation\\\/#breadcrumb\",\"itemListElement\":[{\"@type\":\"ListItem\",\"position\":1,\"name\":\"Accueil\",\"item\":\"https:\\\/\\\/www.apras.org\\\/\"},{\"@type\":\"ListItem\",\"position\":2,\"name\":\"Les Espaces Sociaux Communs\"}]},{\"@type\":\"WebSite\",\"@id\":\"https:\\\/\\\/www.apras.org\\\/#website\",\"url\":\"https:\\\/\\\/www.apras.org\\\/\",\"name\":\"APRAS\",\"description\":\"Le social partag\u00e9\",\"publisher\":{\"@id\":\"https:\\\/\\\/www.apras.org\\\/#organization\"},\"potentialAction\":[{\"@type\":\"SearchAction\",\"target\":{\"@type\":\"EntryPoint\",\"urlTemplate\":\"https:\\\/\\\/www.apras.org\\\/?s={search_term_string}\"},\"query-input\":{\"@type\":\"PropertyValueSpecification\",\"valueRequired\":true,\"valueName\":\"search_term_string\"}}],\"inLanguage\":\"en-US\"},{\"@type\":\"Organization\",\"@id\":\"https:\\\/\\\/www.apras.org\\\/#organization\",\"name\":\"APRAS\",\"url\":\"https:\\\/\\\/www.apras.org\\\/\",\"logo\":{\"@type\":\"ImageObject\",\"inLanguage\":\"en-US\",\"@id\":\"https:\\\/\\\/www.apras.org\\\/#\\\/schema\\\/logo\\\/image\\\/\",\"url\":\"https:\\\/\\\/www.apras.org\\\/wp-content\\\/uploads\\\/2020\\\/12\\\/logo-apras.svg\",\"contentUrl\":\"https:\\\/\\\/www.apras.org\\\/wp-content\\\/uploads\\\/2020\\\/12\\\/logo-apras.svg\",\"width\":1,\"height\":1,\"caption\":\"APRAS\"},\"image\":{\"@id\":\"https:\\\/\\\/www.apras.org\\\/#\\\/schema\\\/logo\\\/image\\\/\"}}]}<\/script>\n<!-- \/ Yoast SEO plugin. -->","yoast_head_json":{"title":"Les Espaces Sociaux Communs - APRAS","robots":{"index":"index","follow":"follow","max-snippet":"max-snippet:-1","max-image-preview":"max-image-preview:large","max-video-preview":"max-video-preview:-1"},"canonical":"https:\/\/www.apras.org\/presentation\/","og_locale":"en_US","og_type":"article","og_title":"Les Espaces Sociaux Communs - APRAS","og_description":"A LA FIN DES ANN\u00c9ES 80, La Ville de Rennes, le Conseil g\u00e9n\u00e9ral d\u2019Ille-et-Vilaine et la Caisse d\u2019Allocations Familiales d\u2019Ille-et-Vilaine engagent une r\u00e9flexion qui conduira \u00e0 la cr\u00e9ation des Espaces Sociaux Communs. Cette r\u00e9flexion r\u00e9sultait de la conjugaison de plusieurs facteurs&nbsp;: \u00e9volution du cadre juridique des politiques sociales (lois de d\u00e9centralisation, cr\u00e9ation des CCAS\u2026), essor [&hellip;]","og_url":"https:\/\/www.apras.org\/presentation\/","og_site_name":"APRAS","article_modified_time":"2025-11-18T15:45:38+00:00","og_image":[{"width":2560,"height":1646,"url":"https:\/\/www.apras.org\/wp-content\/uploads\/2020\/08\/VILLEJEAN-PANO-scaled.jpg","type":"image\/jpeg"}],"twitter_card":"summary_large_image","twitter_misc":{"Est. reading time":"4 minutes"},"schema":{"@context":"https:\/\/schema.org","@graph":[{"@type":"WebPage","@id":"https:\/\/www.apras.org\/presentation\/","url":"https:\/\/www.apras.org\/presentation\/","name":"Les Espaces Sociaux Communs - APRAS","isPartOf":{"@id":"https:\/\/www.apras.org\/#website"},"primaryImageOfPage":{"@id":"https:\/\/www.apras.org\/presentation\/#primaryimage"},"image":{"@id":"https:\/\/www.apras.org\/presentation\/#primaryimage"},"thumbnailUrl":"https:\/\/www.apras.org\/wp-content\/uploads\/2020\/08\/VILLEJEAN-PANO-scaled.jpg","datePublished":"2020-08-19T16:10:44+00:00","dateModified":"2025-11-18T15:45:38+00:00","breadcrumb":{"@id":"https:\/\/www.apras.org\/presentation\/#breadcrumb"},"inLanguage":"en-US","potentialAction":[{"@type":"ReadAction","target":["https:\/\/www.apras.org\/presentation\/"]}]},{"@type":"ImageObject","inLanguage":"en-US","@id":"https:\/\/www.apras.org\/presentation\/#primaryimage","url":"https:\/\/www.apras.org\/wp-content\/uploads\/2020\/08\/VILLEJEAN-PANO-scaled.jpg","contentUrl":"https:\/\/www.apras.org\/wp-content\/uploads\/2020\/08\/VILLEJEAN-PANO-scaled.jpg","width":2560,"height":1646},{"@type":"BreadcrumbList","@id":"https:\/\/www.apras.org\/presentation\/#breadcrumb","itemListElement":[{"@type":"ListItem","position":1,"name":"Accueil","item":"https:\/\/www.apras.org\/"},{"@type":"ListItem","position":2,"name":"Les Espaces Sociaux Communs"}]},{"@type":"WebSite","@id":"https:\/\/www.apras.org\/#website","url":"https:\/\/www.apras.org\/","name":"APRAS","description":"Le social partag\u00e9","publisher":{"@id":"https:\/\/www.apras.org\/#organization"},"potentialAction":[{"@type":"SearchAction","target":{"@type":"EntryPoint","urlTemplate":"https:\/\/www.apras.org\/?s={search_term_string}"},"query-input":{"@type":"PropertyValueSpecification","valueRequired":true,"valueName":"search_term_string"}}],"inLanguage":"en-US"},{"@type":"Organization","@id":"https:\/\/www.apras.org\/#organization","name":"APRAS","url":"https:\/\/www.apras.org\/","logo":{"@type":"ImageObject","inLanguage":"en-US","@id":"https:\/\/www.apras.org\/#\/schema\/logo\/image\/","url":"https:\/\/www.apras.org\/wp-content\/uploads\/2020\/12\/logo-apras.svg","contentUrl":"https:\/\/www.apras.org\/wp-content\/uploads\/2020\/12\/logo-apras.svg","width":1,"height":1,"caption":"APRAS"},"image":{"@id":"https:\/\/www.apras.org\/#\/schema\/logo\/image\/"}}]}},"_links":{"self":[{"href":"https:\/\/www.apras.org\/en\/wp-json\/wp\/v2\/pages\/184","targetHints":{"allow":["GET"]}}],"collection":[{"href":"https:\/\/www.apras.org\/en\/wp-json\/wp\/v2\/pages"}],"about":[{"href":"https:\/\/www.apras.org\/en\/wp-json\/wp\/v2\/types\/page"}],"author":[{"embeddable":true,"href":"https:\/\/www.apras.org\/en\/wp-json\/wp\/v2\/users\/1"}],"replies":[{"embeddable":true,"href":"https:\/\/www.apras.org\/en\/wp-json\/wp\/v2\/comments?post=184"}],"version-history":[{"count":27,"href":"https:\/\/www.apras.org\/en\/wp-json\/wp\/v2\/pages\/184\/revisions"}],"predecessor-version":[{"id":3288,"href":"https:\/\/www.apras.org\/en\/wp-json\/wp\/v2\/pages\/184\/revisions\/3288"}],"wp:featuredmedia":[{"embeddable":true,"href":"https:\/\/www.apras.org\/en\/wp-json\/wp\/v2\/media\/271"}],"wp:attachment":[{"href":"https:\/\/www.apras.org\/en\/wp-json\/wp\/v2\/media?parent=184"}],"curies":[{"name":"wp","href":"https:\/\/api.w.org\/{rel}","templated":true}]}}