{"id":338,"date":"2020-09-24T15:02:10","date_gmt":"2020-09-24T13:02:10","guid":{"rendered":"http:\/\/apras.bac-a-sable.org\/?page_id=338"},"modified":"2026-04-09T11:42:11","modified_gmt":"2026-04-09T09:42:11","slug":"observation-sociale","status":"publish","type":"page","link":"https:\/\/www.apras.org\/en\/observation-sociale\/","title":{"rendered":"Observation Sociale"},"content":{"rendered":"\n<h2 class=\"wp-block-heading has-text-align-left has-text-color\" style=\"color:#31ada2\"><strong>&#8230; <\/strong><\/h2>\n\n\n\n<h2 class=\"wp-block-heading has-text-align-left has-text-color\" style=\"color:#31ada2\"><strong>pour mieux comprendre, partager et appr\u00e9hender collectivement la r\u00e9alit\u00e9 sociale des territoires<\/strong><\/h2>\n\n\n\n<p>Cette mission d&#8217;observation confi\u00e9e par les membres de L\u2019APRAS repose sur la collecte, la mutualisation de donn\u00e9es et le partage des analyses. Certains sujets n\u00e9cessitent des approfondissements et donnent lieu \u00e0 des \u00e9tudes th\u00e9matiques publiques et consultables en ligne dans la <a href=\"https:\/\/www.apras.org\/documents\/\" data-type=\"URL\" data-id=\"https:\/\/www.apras.org\/documents\/\">ressource documentaire<\/a>.<br><\/p>\n\n\n\n<p>C&#8217;est sur ce principe qu&#8217;ont \u00e9t\u00e9 cr\u00e9\u00e9s en 1990 le&nbsp;<a href=\"https:\/\/www.apras.org\/tableau-de-bord-social\/\" data-type=\"page\" data-id=\"368\">Tableau de Bord Social<\/a> (actualisation chaque ann\u00e9e en octobre et en d\u00e9cembre) des quartiers rennais et depuis 2012 des communes de Rennes M\u00e9tropole en 2001,&nbsp;l&#8217;Observatoire des Donn\u00e9es Sociales de Rennes M\u00e9tropole (actualisation tous les 2 ans)&nbsp;et en 2002&nbsp;l&#8217;Observatoire de la D\u00e9linquance&nbsp;(actualisation annuelle).<br><\/p>\n\n\n\n<figure class=\"wp-block-pullquote\"><blockquote><p>DIAGNOSTICS DE TERRITOIRES<br>ETUDES<br>RAPPORTS THEMATIQUES<br>SUIVI DU CONTRAT DE VILLE<\/p><cite>&gt; <a href=\"https:\/\/www.apras.org\/docs-etudes\/\" data-type=\"URL\" data-id=\"https:\/\/www.apras.org\/docs-etudes\/\">rechercher un document ou une \u00e9tude<\/a><\/cite><\/blockquote><\/figure>\n\n\n\n<hr class=\"wp-block-separator has-css-opacity\"\/>\n\n\n\n<div style=\"height:36px\" aria-hidden=\"true\" class=\"wp-block-spacer\"><\/div>\n\n\n\n<h3 class=\"wp-block-heading has-text-align-center has-text-color\" style=\"color:#31ada2\">OBSERVATOIRE DES DONN\u00c9ES SOCIALES (ODS) &#8211; \u00c9DITION 2026<\/h3>\n\n\n\n<figure class=\"wp-block-gallery has-nested-images columns-4 is-cropped wp-block-gallery-1 is-layout-flex wp-block-gallery-is-layout-flex\">\n<figure class=\"wp-block-image size-full\"><a href=\"https:\/\/www.apras.org\/wp-content\/uploads\/2026\/04\/ODS_2026_WEB-SYNTHESE_Page_1-scaled.jpg\"><img decoding=\"async\" width=\"1802\" height=\"2560\" data-id=\"3340\" data-src=\"https:\/\/www.apras.org\/wp-content\/uploads\/2026\/04\/ODS_2026_WEB-SYNTHESE_Page_1-scaled.jpg\" alt=\"\" class=\"wp-image-3340 lazyload\" data-srcset=\"https:\/\/www.apras.org\/wp-content\/uploads\/2026\/04\/ODS_2026_WEB-SYNTHESE_Page_1-scaled.jpg 1802w, https:\/\/www.apras.org\/wp-content\/uploads\/2026\/04\/ODS_2026_WEB-SYNTHESE_Page_1-211x300.jpg 211w, https:\/\/www.apras.org\/wp-content\/uploads\/2026\/04\/ODS_2026_WEB-SYNTHESE_Page_1-721x1024.jpg 721w, https:\/\/www.apras.org\/wp-content\/uploads\/2026\/04\/ODS_2026_WEB-SYNTHESE_Page_1-1081x1536.jpg 1081w, https:\/\/www.apras.org\/wp-content\/uploads\/2026\/04\/ODS_2026_WEB-SYNTHESE_Page_1-1442x2048.jpg 1442w\" data-sizes=\"(max-width: 1802px) 100vw, 1802px\" src=\"data:image\/svg+xml;base64,PHN2ZyB3aWR0aD0iMSIgaGVpZ2h0PSIxIiB4bWxucz0iaHR0cDovL3d3dy53My5vcmcvMjAwMC9zdmciPjwvc3ZnPg==\" style=\"--smush-placeholder-width: 1802px; --smush-placeholder-aspect-ratio: 1802\/2560;\" \/><\/a><\/figure>\n\n\n\n<figure class=\"wp-block-image size-full\"><a href=\"https:\/\/www.apras.org\/wp-content\/uploads\/2026\/04\/ODS_2026_WEB-SYNTHESE_Page_2.jpg\"><img decoding=\"async\" width=\"1386\" height=\"1969\" data-id=\"3355\" data-src=\"https:\/\/www.apras.org\/wp-content\/uploads\/2026\/04\/ODS_2026_WEB-SYNTHESE_Page_2.jpg\" alt=\"\" class=\"wp-image-3355 lazyload\" data-srcset=\"https:\/\/www.apras.org\/wp-content\/uploads\/2026\/04\/ODS_2026_WEB-SYNTHESE_Page_2.jpg 1386w, https:\/\/www.apras.org\/wp-content\/uploads\/2026\/04\/ODS_2026_WEB-SYNTHESE_Page_2-211x300.jpg 211w, https:\/\/www.apras.org\/wp-content\/uploads\/2026\/04\/ODS_2026_WEB-SYNTHESE_Page_2-721x1024.jpg 721w, https:\/\/www.apras.org\/wp-content\/uploads\/2026\/04\/ODS_2026_WEB-SYNTHESE_Page_2-1081x1536.jpg 1081w\" data-sizes=\"(max-width: 1386px) 100vw, 1386px\" src=\"data:image\/svg+xml;base64,PHN2ZyB3aWR0aD0iMSIgaGVpZ2h0PSIxIiB4bWxucz0iaHR0cDovL3d3dy53My5vcmcvMjAwMC9zdmciPjwvc3ZnPg==\" style=\"--smush-placeholder-width: 1386px; --smush-placeholder-aspect-ratio: 1386\/1969;\" \/><\/a><\/figure>\n\n\n\n<figure class=\"wp-block-image size-large\"><a href=\"https:\/\/www.apras.org\/wp-content\/uploads\/2026\/04\/ODS_2026_WEB-SYNTHESE_Page_4-scaled.jpg\"><img decoding=\"async\" width=\"1110\" height=\"788\" data-id=\"3353\" data-src=\"https:\/\/www.apras.org\/wp-content\/uploads\/2026\/04\/ODS_2026_WEB-SYNTHESE_Page_4-1110x788.jpg\" alt=\"\" class=\"wp-image-3353 lazyload\" data-srcset=\"https:\/\/www.apras.org\/wp-content\/uploads\/2026\/04\/ODS_2026_WEB-SYNTHESE_Page_4-1110x788.jpg 1110w, https:\/\/www.apras.org\/wp-content\/uploads\/2026\/04\/ODS_2026_WEB-SYNTHESE_Page_4-422x300.jpg 422w, https:\/\/www.apras.org\/wp-content\/uploads\/2026\/04\/ODS_2026_WEB-SYNTHESE_Page_4-1536x1091.jpg 1536w, https:\/\/www.apras.org\/wp-content\/uploads\/2026\/04\/ODS_2026_WEB-SYNTHESE_Page_4-2048x1455.jpg 2048w\" data-sizes=\"(max-width: 1110px) 100vw, 1110px\" src=\"data:image\/svg+xml;base64,PHN2ZyB3aWR0aD0iMSIgaGVpZ2h0PSIxIiB4bWxucz0iaHR0cDovL3d3dy53My5vcmcvMjAwMC9zdmciPjwvc3ZnPg==\" style=\"--smush-placeholder-width: 1110px; --smush-placeholder-aspect-ratio: 1110\/788;\" \/><\/a><\/figure>\n\n\n\n<figure class=\"wp-block-image size-large\"><a href=\"https:\/\/www.apras.org\/wp-content\/uploads\/2026\/04\/ODS_2026_WEB-SYNTHESE_Page_5-scaled.jpg\"><img decoding=\"async\" width=\"1110\" height=\"788\" data-id=\"3347\" data-src=\"https:\/\/www.apras.org\/wp-content\/uploads\/2026\/04\/ODS_2026_WEB-SYNTHESE_Page_5-1110x788.jpg\" alt=\"\" class=\"wp-image-3347 lazyload\" data-srcset=\"https:\/\/www.apras.org\/wp-content\/uploads\/2026\/04\/ODS_2026_WEB-SYNTHESE_Page_5-1110x788.jpg 1110w, https:\/\/www.apras.org\/wp-content\/uploads\/2026\/04\/ODS_2026_WEB-SYNTHESE_Page_5-422x300.jpg 422w, https:\/\/www.apras.org\/wp-content\/uploads\/2026\/04\/ODS_2026_WEB-SYNTHESE_Page_5-1536x1091.jpg 1536w, https:\/\/www.apras.org\/wp-content\/uploads\/2026\/04\/ODS_2026_WEB-SYNTHESE_Page_5-2048x1455.jpg 2048w\" data-sizes=\"(max-width: 1110px) 100vw, 1110px\" src=\"data:image\/svg+xml;base64,PHN2ZyB3aWR0aD0iMSIgaGVpZ2h0PSIxIiB4bWxucz0iaHR0cDovL3d3dy53My5vcmcvMjAwMC9zdmciPjwvc3ZnPg==\" style=\"--smush-placeholder-width: 1110px; --smush-placeholder-aspect-ratio: 1110\/788;\" \/><\/a><\/figure>\n\n\n\n<figure class=\"wp-block-image size-large\"><a href=\"https:\/\/www.apras.org\/wp-content\/uploads\/2026\/04\/ODS_2026_WEB-SYNTHESE_Page_6-scaled.jpg\"><img decoding=\"async\" width=\"1110\" height=\"788\" data-id=\"3349\" data-src=\"https:\/\/www.apras.org\/wp-content\/uploads\/2026\/04\/ODS_2026_WEB-SYNTHESE_Page_6-1110x788.jpg\" alt=\"\" class=\"wp-image-3349 lazyload\" data-srcset=\"https:\/\/www.apras.org\/wp-content\/uploads\/2026\/04\/ODS_2026_WEB-SYNTHESE_Page_6-1110x788.jpg 1110w, https:\/\/www.apras.org\/wp-content\/uploads\/2026\/04\/ODS_2026_WEB-SYNTHESE_Page_6-422x300.jpg 422w, https:\/\/www.apras.org\/wp-content\/uploads\/2026\/04\/ODS_2026_WEB-SYNTHESE_Page_6-1536x1091.jpg 1536w, https:\/\/www.apras.org\/wp-content\/uploads\/2026\/04\/ODS_2026_WEB-SYNTHESE_Page_6-2048x1455.jpg 2048w\" data-sizes=\"(max-width: 1110px) 100vw, 1110px\" src=\"data:image\/svg+xml;base64,PHN2ZyB3aWR0aD0iMSIgaGVpZ2h0PSIxIiB4bWxucz0iaHR0cDovL3d3dy53My5vcmcvMjAwMC9zdmciPjwvc3ZnPg==\" style=\"--smush-placeholder-width: 1110px; --smush-placeholder-aspect-ratio: 1110\/788;\" \/><\/a><\/figure>\n\n\n\n<figure class=\"wp-block-image size-large\"><a href=\"https:\/\/www.apras.org\/wp-content\/uploads\/2026\/04\/ODS_2026_WEB-SYNTHESE_Page_7-scaled.jpg\"><img decoding=\"async\" width=\"1110\" height=\"788\" data-id=\"3351\" data-src=\"https:\/\/www.apras.org\/wp-content\/uploads\/2026\/04\/ODS_2026_WEB-SYNTHESE_Page_7-1110x788.jpg\" alt=\"\" class=\"wp-image-3351 lazyload\" data-srcset=\"https:\/\/www.apras.org\/wp-content\/uploads\/2026\/04\/ODS_2026_WEB-SYNTHESE_Page_7-1110x788.jpg 1110w, https:\/\/www.apras.org\/wp-content\/uploads\/2026\/04\/ODS_2026_WEB-SYNTHESE_Page_7-422x300.jpg 422w, https:\/\/www.apras.org\/wp-content\/uploads\/2026\/04\/ODS_2026_WEB-SYNTHESE_Page_7-1536x1091.jpg 1536w, https:\/\/www.apras.org\/wp-content\/uploads\/2026\/04\/ODS_2026_WEB-SYNTHESE_Page_7-2048x1455.jpg 2048w\" data-sizes=\"(max-width: 1110px) 100vw, 1110px\" src=\"data:image\/svg+xml;base64,PHN2ZyB3aWR0aD0iMSIgaGVpZ2h0PSIxIiB4bWxucz0iaHR0cDovL3d3dy53My5vcmcvMjAwMC9zdmciPjwvc3ZnPg==\" style=\"--smush-placeholder-width: 1110px; --smush-placeholder-aspect-ratio: 1110\/788;\" \/><\/a><\/figure>\n\n\n\n<figure class=\"wp-block-image size-large\"><a href=\"https:\/\/www.apras.org\/wp-content\/uploads\/2026\/04\/ODS_2026_WEB-SYNTHESE_Page_8-scaled.jpg\"><img decoding=\"async\" width=\"1110\" height=\"788\" data-id=\"3342\" data-src=\"https:\/\/www.apras.org\/wp-content\/uploads\/2026\/04\/ODS_2026_WEB-SYNTHESE_Page_8-1110x788.jpg\" alt=\"\" class=\"wp-image-3342 lazyload\" data-srcset=\"https:\/\/www.apras.org\/wp-content\/uploads\/2026\/04\/ODS_2026_WEB-SYNTHESE_Page_8-1110x788.jpg 1110w, https:\/\/www.apras.org\/wp-content\/uploads\/2026\/04\/ODS_2026_WEB-SYNTHESE_Page_8-422x300.jpg 422w, https:\/\/www.apras.org\/wp-content\/uploads\/2026\/04\/ODS_2026_WEB-SYNTHESE_Page_8-1536x1091.jpg 1536w, https:\/\/www.apras.org\/wp-content\/uploads\/2026\/04\/ODS_2026_WEB-SYNTHESE_Page_8-2048x1455.jpg 2048w\" data-sizes=\"(max-width: 1110px) 100vw, 1110px\" src=\"data:image\/svg+xml;base64,PHN2ZyB3aWR0aD0iMSIgaGVpZ2h0PSIxIiB4bWxucz0iaHR0cDovL3d3dy53My5vcmcvMjAwMC9zdmciPjwvc3ZnPg==\" style=\"--smush-placeholder-width: 1110px; --smush-placeholder-aspect-ratio: 1110\/788;\" \/><\/a><\/figure>\n<\/figure>\n\n\n\n<div style=\"height:89px\" aria-hidden=\"true\" class=\"wp-block-spacer\"><\/div>\n\n\n\n<blockquote class=\"wp-block-quote is-layout-flow wp-block-quote-is-layout-flow\"><p>Pour aller plus loin<br><em><a href=\"https:\/\/www.apras.org\/documents\/soutien-aux-initiatives-habitants\/\"><em><a href=\"https:\/\/www.apras.org\/tableau-de-bord-social\/\">Tableau de Bord Social<\/a><\/em><\/a><\/em>, <a href=\"https:\/\/www.apras.org\/documents\/\">RESSOURCE DOCUMENTAIRE\/ETUDES<\/a><\/p><\/blockquote>\n","protected":false},"excerpt":{"rendered":"<p>&#8230; pour mieux comprendre, partager et appr\u00e9hender collectivement la r\u00e9alit\u00e9 sociale des territoires Cette mission d&#8217;observation confi\u00e9e par les membres de L\u2019APRAS repose sur la collecte, la mutualisation de donn\u00e9es et le partage des analyses. Certains sujets n\u00e9cessitent des approfondissements et donnent lieu \u00e0 des \u00e9tudes th\u00e9matiques publiques et consultables en ligne dans la ressource [&hellip;]<\/p>\n","protected":false},"author":2,"featured_media":419,"parent":0,"menu_order":0,"comment_status":"closed","ping_status":"closed","template":"","meta":{"_acf_changed":false,"footnotes":""},"class_list":["post-338","page","type-page","status-publish","has-post-thumbnail","hentry"],"acf":[],"yoast_head":"<!-- This site is optimized with the Yoast SEO plugin v27.5 - https:\/\/yoast.com\/product\/yoast-seo-wordpress\/ -->\n<title>Observation Sociale - APRAS<\/title>\n<meta name=\"robots\" content=\"index, follow, max-snippet:-1, max-image-preview:large, max-video-preview:-1\" \/>\n<link rel=\"canonical\" href=\"https:\/\/www.apras.org\/observation-sociale\/\" \/>\n<meta property=\"og:locale\" content=\"en_US\" \/>\n<meta property=\"og:type\" content=\"article\" \/>\n<meta property=\"og:title\" content=\"Observation Sociale - APRAS\" \/>\n<meta property=\"og:description\" content=\"&#8230; pour mieux comprendre, partager et appr\u00e9hender collectivement la r\u00e9alit\u00e9 sociale des territoires Cette mission d&#8217;observation confi\u00e9e par les membres de L\u2019APRAS repose sur la collecte, la mutualisation de donn\u00e9es et le partage des analyses. Certains sujets n\u00e9cessitent des approfondissements et donnent lieu \u00e0 des \u00e9tudes th\u00e9matiques publiques et consultables en ligne dans la ressource [&hellip;]\" \/>\n<meta property=\"og:url\" content=\"https:\/\/www.apras.org\/observation-sociale\/\" \/>\n<meta property=\"og:site_name\" content=\"APRAS\" \/>\n<meta property=\"article:modified_time\" content=\"2026-04-09T09:42:11+00:00\" \/>\n<meta property=\"og:image\" content=\"https:\/\/www.apras.org\/wp-content\/uploads\/2020\/09\/nine-koepfer-iPbwEiWkVMQ-unsplash-scaled.jpg\" \/>\n\t<meta property=\"og:image:width\" content=\"2560\" \/>\n\t<meta property=\"og:image:height\" content=\"1707\" \/>\n\t<meta property=\"og:image:type\" content=\"image\/jpeg\" \/>\n<meta name=\"twitter:card\" content=\"summary_large_image\" \/>\n<meta name=\"twitter:label1\" content=\"Est. reading time\" \/>\n\t<meta name=\"twitter:data1\" content=\"3 minutes\" \/>\n<script type=\"application\/ld+json\" class=\"yoast-schema-graph\">{\"@context\":\"https:\\\/\\\/schema.org\",\"@graph\":[{\"@type\":\"WebPage\",\"@id\":\"https:\\\/\\\/www.apras.org\\\/observation-sociale\\\/\",\"url\":\"https:\\\/\\\/www.apras.org\\\/observation-sociale\\\/\",\"name\":\"Observation Sociale - APRAS\",\"isPartOf\":{\"@id\":\"https:\\\/\\\/www.apras.org\\\/#website\"},\"primaryImageOfPage\":{\"@id\":\"https:\\\/\\\/www.apras.org\\\/observation-sociale\\\/#primaryimage\"},\"image\":{\"@id\":\"https:\\\/\\\/www.apras.org\\\/observation-sociale\\\/#primaryimage\"},\"thumbnailUrl\":\"https:\\\/\\\/www.apras.org\\\/wp-content\\\/uploads\\\/2020\\\/09\\\/nine-koepfer-iPbwEiWkVMQ-unsplash-scaled.jpg\",\"datePublished\":\"2020-09-24T13:02:10+00:00\",\"dateModified\":\"2026-04-09T09:42:11+00:00\",\"breadcrumb\":{\"@id\":\"https:\\\/\\\/www.apras.org\\\/observation-sociale\\\/#breadcrumb\"},\"inLanguage\":\"en-US\",\"potentialAction\":[{\"@type\":\"ReadAction\",\"target\":[\"https:\\\/\\\/www.apras.org\\\/observation-sociale\\\/\"]}]},{\"@type\":\"ImageObject\",\"inLanguage\":\"en-US\",\"@id\":\"https:\\\/\\\/www.apras.org\\\/observation-sociale\\\/#primaryimage\",\"url\":\"https:\\\/\\\/www.apras.org\\\/wp-content\\\/uploads\\\/2020\\\/09\\\/nine-koepfer-iPbwEiWkVMQ-unsplash-scaled.jpg\",\"contentUrl\":\"https:\\\/\\\/www.apras.org\\\/wp-content\\\/uploads\\\/2020\\\/09\\\/nine-koepfer-iPbwEiWkVMQ-unsplash-scaled.jpg\",\"width\":2560,\"height\":1707},{\"@type\":\"BreadcrumbList\",\"@id\":\"https:\\\/\\\/www.apras.org\\\/observation-sociale\\\/#breadcrumb\",\"itemListElement\":[{\"@type\":\"ListItem\",\"position\":1,\"name\":\"Accueil\",\"item\":\"https:\\\/\\\/www.apras.org\\\/\"},{\"@type\":\"ListItem\",\"position\":2,\"name\":\"Observation Sociale\"}]},{\"@type\":\"WebSite\",\"@id\":\"https:\\\/\\\/www.apras.org\\\/#website\",\"url\":\"https:\\\/\\\/www.apras.org\\\/\",\"name\":\"APRAS\",\"description\":\"Le social partag\u00e9\",\"publisher\":{\"@id\":\"https:\\\/\\\/www.apras.org\\\/#organization\"},\"potentialAction\":[{\"@type\":\"SearchAction\",\"target\":{\"@type\":\"EntryPoint\",\"urlTemplate\":\"https:\\\/\\\/www.apras.org\\\/?s={search_term_string}\"},\"query-input\":{\"@type\":\"PropertyValueSpecification\",\"valueRequired\":true,\"valueName\":\"search_term_string\"}}],\"inLanguage\":\"en-US\"},{\"@type\":\"Organization\",\"@id\":\"https:\\\/\\\/www.apras.org\\\/#organization\",\"name\":\"APRAS\",\"url\":\"https:\\\/\\\/www.apras.org\\\/\",\"logo\":{\"@type\":\"ImageObject\",\"inLanguage\":\"en-US\",\"@id\":\"https:\\\/\\\/www.apras.org\\\/#\\\/schema\\\/logo\\\/image\\\/\",\"url\":\"https:\\\/\\\/www.apras.org\\\/wp-content\\\/uploads\\\/2020\\\/12\\\/logo-apras.svg\",\"contentUrl\":\"https:\\\/\\\/www.apras.org\\\/wp-content\\\/uploads\\\/2020\\\/12\\\/logo-apras.svg\",\"width\":1,\"height\":1,\"caption\":\"APRAS\"},\"image\":{\"@id\":\"https:\\\/\\\/www.apras.org\\\/#\\\/schema\\\/logo\\\/image\\\/\"}}]}<\/script>\n<!-- \/ Yoast SEO plugin. -->","yoast_head_json":{"title":"Observation Sociale - APRAS","robots":{"index":"index","follow":"follow","max-snippet":"max-snippet:-1","max-image-preview":"max-image-preview:large","max-video-preview":"max-video-preview:-1"},"canonical":"https:\/\/www.apras.org\/observation-sociale\/","og_locale":"en_US","og_type":"article","og_title":"Observation Sociale - APRAS","og_description":"&#8230; pour mieux comprendre, partager et appr\u00e9hender collectivement la r\u00e9alit\u00e9 sociale des territoires Cette mission d&#8217;observation confi\u00e9e par les membres de L\u2019APRAS repose sur la collecte, la mutualisation de donn\u00e9es et le partage des analyses. Certains sujets n\u00e9cessitent des approfondissements et donnent lieu \u00e0 des \u00e9tudes th\u00e9matiques publiques et consultables en ligne dans la ressource [&hellip;]","og_url":"https:\/\/www.apras.org\/observation-sociale\/","og_site_name":"APRAS","article_modified_time":"2026-04-09T09:42:11+00:00","og_image":[{"width":2560,"height":1707,"url":"https:\/\/www.apras.org\/wp-content\/uploads\/2020\/09\/nine-koepfer-iPbwEiWkVMQ-unsplash-scaled.jpg","type":"image\/jpeg"}],"twitter_card":"summary_large_image","twitter_misc":{"Est. reading time":"3 minutes"},"schema":{"@context":"https:\/\/schema.org","@graph":[{"@type":"WebPage","@id":"https:\/\/www.apras.org\/observation-sociale\/","url":"https:\/\/www.apras.org\/observation-sociale\/","name":"Observation Sociale - APRAS","isPartOf":{"@id":"https:\/\/www.apras.org\/#website"},"primaryImageOfPage":{"@id":"https:\/\/www.apras.org\/observation-sociale\/#primaryimage"},"image":{"@id":"https:\/\/www.apras.org\/observation-sociale\/#primaryimage"},"thumbnailUrl":"https:\/\/www.apras.org\/wp-content\/uploads\/2020\/09\/nine-koepfer-iPbwEiWkVMQ-unsplash-scaled.jpg","datePublished":"2020-09-24T13:02:10+00:00","dateModified":"2026-04-09T09:42:11+00:00","breadcrumb":{"@id":"https:\/\/www.apras.org\/observation-sociale\/#breadcrumb"},"inLanguage":"en-US","potentialAction":[{"@type":"ReadAction","target":["https:\/\/www.apras.org\/observation-sociale\/"]}]},{"@type":"ImageObject","inLanguage":"en-US","@id":"https:\/\/www.apras.org\/observation-sociale\/#primaryimage","url":"https:\/\/www.apras.org\/wp-content\/uploads\/2020\/09\/nine-koepfer-iPbwEiWkVMQ-unsplash-scaled.jpg","contentUrl":"https:\/\/www.apras.org\/wp-content\/uploads\/2020\/09\/nine-koepfer-iPbwEiWkVMQ-unsplash-scaled.jpg","width":2560,"height":1707},{"@type":"BreadcrumbList","@id":"https:\/\/www.apras.org\/observation-sociale\/#breadcrumb","itemListElement":[{"@type":"ListItem","position":1,"name":"Accueil","item":"https:\/\/www.apras.org\/"},{"@type":"ListItem","position":2,"name":"Observation Sociale"}]},{"@type":"WebSite","@id":"https:\/\/www.apras.org\/#website","url":"https:\/\/www.apras.org\/","name":"APRAS","description":"Le social partag\u00e9","publisher":{"@id":"https:\/\/www.apras.org\/#organization"},"potentialAction":[{"@type":"SearchAction","target":{"@type":"EntryPoint","urlTemplate":"https:\/\/www.apras.org\/?s={search_term_string}"},"query-input":{"@type":"PropertyValueSpecification","valueRequired":true,"valueName":"search_term_string"}}],"inLanguage":"en-US"},{"@type":"Organization","@id":"https:\/\/www.apras.org\/#organization","name":"APRAS","url":"https:\/\/www.apras.org\/","logo":{"@type":"ImageObject","inLanguage":"en-US","@id":"https:\/\/www.apras.org\/#\/schema\/logo\/image\/","url":"https:\/\/www.apras.org\/wp-content\/uploads\/2020\/12\/logo-apras.svg","contentUrl":"https:\/\/www.apras.org\/wp-content\/uploads\/2020\/12\/logo-apras.svg","width":1,"height":1,"caption":"APRAS"},"image":{"@id":"https:\/\/www.apras.org\/#\/schema\/logo\/image\/"}}]}},"_links":{"self":[{"href":"https:\/\/www.apras.org\/en\/wp-json\/wp\/v2\/pages\/338","targetHints":{"allow":["GET"]}}],"collection":[{"href":"https:\/\/www.apras.org\/en\/wp-json\/wp\/v2\/pages"}],"about":[{"href":"https:\/\/www.apras.org\/en\/wp-json\/wp\/v2\/types\/page"}],"author":[{"embeddable":true,"href":"https:\/\/www.apras.org\/en\/wp-json\/wp\/v2\/users\/2"}],"replies":[{"embeddable":true,"href":"https:\/\/www.apras.org\/en\/wp-json\/wp\/v2\/comments?post=338"}],"version-history":[{"count":6,"href":"https:\/\/www.apras.org\/en\/wp-json\/wp\/v2\/pages\/338\/revisions"}],"predecessor-version":[{"id":3364,"href":"https:\/\/www.apras.org\/en\/wp-json\/wp\/v2\/pages\/338\/revisions\/3364"}],"wp:featuredmedia":[{"embeddable":true,"href":"https:\/\/www.apras.org\/en\/wp-json\/wp\/v2\/media\/419"}],"wp:attachment":[{"href":"https:\/\/www.apras.org\/en\/wp-json\/wp\/v2\/media?parent=338"}],"curies":[{"name":"wp","href":"https:\/\/api.w.org\/{rel}","templated":true}]}}