{"id":70,"date":"2020-08-10T15:33:01","date_gmt":"2020-08-10T13:33:01","guid":{"rendered":"http:\/\/localhost\/apras.org\/?page_id=70"},"modified":"2020-10-15T11:50:32","modified_gmt":"2020-10-15T09:50:32","slug":"le-pole-animation","status":"publish","type":"page","link":"https:\/\/www.apras.org\/en\/le-pole-animation\/","title":{"rendered":"Le P\u00f4le Animation"},"content":{"rendered":"\n<h2 class=\"has-text-align-left has-text-color wp-block-heading\" style=\"color:#31ada2\"><strong>&#8230; <\/strong><\/h2>\n\n\n\n<h2 class=\"has-text-align-left has-text-color wp-block-heading\" style=\"color:#31ada2\"><strong>pour soutenir les initiatives des habitant\u00b7e\u00b7s et les dynamiques associatives<\/strong><\/h2>\n\n\n\n<p>Le p\u00f4le animation assure la gestion de locaux, de salles polyvalentes et d\u2019\u00e9quipements qui lui sont confi\u00e9s par ses membres&nbsp; : Ville de Rennes et bailleurs sociaux. Ces locaux sont lou\u00e9s aux associations et habitants rennais. Ils participent \u00e0 dynamiser la vie associative et les projets collectifs dans les quartiers de Rennes. <\/p>\n\n\n\n<p>  <\/p>\n\n\n\n<div class=\"wp-block-image\"><figure class=\"aligncenter size-medium is-resized\"><img decoding=\"async\" data-src=\"https:\/\/www.apras.org\/wp-content\/uploads\/2020\/10\/graph-pole-animation-631x300.png\" alt=\"\" class=\"wp-image-677 lazyload\" width=\"473\" height=\"225\" data-srcset=\"https:\/\/www.apras.org\/wp-content\/uploads\/2020\/10\/graph-pole-animation-631x300.png 631w, https:\/\/www.apras.org\/wp-content\/uploads\/2020\/10\/graph-pole-animation-1110x528.png 1110w, https:\/\/www.apras.org\/wp-content\/uploads\/2020\/10\/graph-pole-animation-768x365.png 768w, https:\/\/www.apras.org\/wp-content\/uploads\/2020\/10\/graph-pole-animation.png 1414w\" data-sizes=\"(max-width: 473px) 100vw, 473px\" src=\"data:image\/svg+xml;base64,PHN2ZyB3aWR0aD0iMSIgaGVpZ2h0PSIxIiB4bWxucz0iaHR0cDovL3d3dy53My5vcmcvMjAwMC9zdmciPjwvc3ZnPg==\" style=\"--smush-placeholder-width: 473px; --smush-placeholder-aspect-ratio: 473\/225;\" \/><\/figure><\/div>\n\n\n\n<p>Le p\u00f4le animation g\u00e8re aussi l\u2019attribution de fonds pour soutenir des projets et initiatives des habitant\u00b7e\u00b7s du parc social de Rennes et des communes de Rennes M\u00e9tropole. Gr\u00e2ce aux coups de pouce financiers, de nombreux projets et \u00e9v\u00e8nements se r\u00e9alisent, qu\u2019ils soient port\u00e9s par des associations ou des collectifs d\u2019habitants.<\/p>\n\n\n\n<figure class=\"wp-block-pullquote\"><blockquote class=\"has-text-color\" style=\"color:#31ada2\"><p><img decoding=\"async\" width=\"128\" height=\"128\" class=\"wp-image-437 lazyload\" style=\"--smush-placeholder-width: 128px; --smush-placeholder-aspect-ratio: 128\/128;width: 128px;\" data-src=\"https:\/\/www.apras.org\/wp-content\/uploads\/2020\/09\/map-1.png\" alt=\"\" src=\"data:image\/svg+xml;base64,PHN2ZyB3aWR0aD0iMSIgaGVpZ2h0PSIxIiB4bWxucz0iaHR0cDovL3d3dy53My5vcmcvMjAwMC9zdmciPjwvc3ZnPg==\"><br><a href=\"https:\/\/www.apras.org\/les-locaux-collectifs-residentiels-lcr\/\" data-type=\"page\" data-id=\"75\">LOCAUX COLLECTIFS \/ ASSOCIATIFS<br><\/a><a href=\"https:\/\/www.apras.org\/les-poles-associatifs\/\" data-type=\"page\" data-id=\"82\">P\u00d4LES ASSOCIATIFS<\/a><br><a href=\"https:\/\/www.apras.org\/location-de-salles\/\" data-type=\"page\" data-id=\"17\">LOCATION DE SALLES FAMILIALES<\/a><br><a href=\"https:\/\/www.apras.org\/soutien-aux-initiatives-des-habitants\/\" data-type=\"page\" data-id=\"85\">SOUTIEN AUX INITIATIVES HABITANTS<\/a><\/p><\/blockquote><\/figure>\n\n\n\n<blockquote class=\"wp-block-quote is-layout-flow wp-block-quote-is-layout-flow\"><p>Pour aller plus loin <br><em><a href=\"https:\/\/www.apras.org\/documents\/soutien-aux-initiatives-habitants\/\" data-type=\"URL\" data-id=\"https:\/\/www.apras.org\/documents\/soutien-aux-initiatives-habitants\/\">Etude Soutien aux initiatives d&#8217;habitants &#8211; 2014<\/a><\/em> , <a href=\"https:\/\/www.apras.org\/documents\/\" data-type=\"URL\" data-id=\"https:\/\/www.apras.org\/documents\/\">RESSOURCE DOCUMENTAIRE\/ETUDES<\/a><\/p><\/blockquote>\n\n\n\n<p><\/p>\n","protected":false},"excerpt":{"rendered":"<p>&#8230; pour soutenir les initiatives des habitant\u00b7e\u00b7s et les dynamiques associatives Le p\u00f4le animation assure la gestion de locaux, de salles polyvalentes et d\u2019\u00e9quipements qui lui sont confi\u00e9s par ses membres&nbsp; : Ville de Rennes et bailleurs sociaux. Ces locaux sont lou\u00e9s aux associations et habitants rennais. Ils participent \u00e0 dynamiser la vie associative et [&hellip;]<\/p>\n","protected":false},"author":1,"featured_media":427,"parent":0,"menu_order":0,"comment_status":"closed","ping_status":"closed","template":"","meta":{"_acf_changed":false,"footnotes":""},"class_list":["post-70","page","type-page","status-publish","has-post-thumbnail","hentry"],"acf":[],"yoast_head":"<!-- This site is optimized with the Yoast SEO plugin v27.3 - https:\/\/yoast.com\/product\/yoast-seo-wordpress\/ -->\n<title>Le P\u00f4le Animation - APRAS<\/title>\n<meta name=\"robots\" content=\"index, follow, max-snippet:-1, max-image-preview:large, max-video-preview:-1\" \/>\n<link rel=\"canonical\" href=\"https:\/\/www.apras.org\/le-pole-animation\/\" \/>\n<meta property=\"og:locale\" content=\"en_US\" \/>\n<meta property=\"og:type\" content=\"article\" \/>\n<meta property=\"og:title\" content=\"Le P\u00f4le Animation - APRAS\" \/>\n<meta property=\"og:description\" content=\"&#8230; pour soutenir les initiatives des habitant\u00b7e\u00b7s et les dynamiques associatives Le p\u00f4le animation assure la gestion de locaux, de salles polyvalentes et d\u2019\u00e9quipements qui lui sont confi\u00e9s par ses membres&nbsp; : Ville de Rennes et bailleurs sociaux. Ces locaux sont lou\u00e9s aux associations et habitants rennais. Ils participent \u00e0 dynamiser la vie associative et [&hellip;]\" \/>\n<meta property=\"og:url\" content=\"https:\/\/www.apras.org\/le-pole-animation\/\" \/>\n<meta property=\"og:site_name\" content=\"APRAS\" \/>\n<meta property=\"article:modified_time\" content=\"2020-10-15T09:50:32+00:00\" \/>\n<meta property=\"og:image\" content=\"https:\/\/www.apras.org\/wp-content\/uploads\/2020\/09\/Sans-titre-1-scaled.jpg\" \/>\n\t<meta property=\"og:image:width\" content=\"2560\" \/>\n\t<meta property=\"og:image:height\" content=\"1344\" \/>\n\t<meta property=\"og:image:type\" content=\"image\/jpeg\" \/>\n<meta name=\"twitter:card\" content=\"summary_large_image\" \/>\n<meta name=\"twitter:label1\" content=\"Est. reading time\" \/>\n\t<meta name=\"twitter:data1\" content=\"1 minute\" \/>\n<script type=\"application\/ld+json\" class=\"yoast-schema-graph\">{\"@context\":\"https:\\\/\\\/schema.org\",\"@graph\":[{\"@type\":\"WebPage\",\"@id\":\"https:\\\/\\\/www.apras.org\\\/le-pole-animation\\\/\",\"url\":\"https:\\\/\\\/www.apras.org\\\/le-pole-animation\\\/\",\"name\":\"Le P\u00f4le Animation - APRAS\",\"isPartOf\":{\"@id\":\"https:\\\/\\\/www.apras.org\\\/#website\"},\"primaryImageOfPage\":{\"@id\":\"https:\\\/\\\/www.apras.org\\\/le-pole-animation\\\/#primaryimage\"},\"image\":{\"@id\":\"https:\\\/\\\/www.apras.org\\\/le-pole-animation\\\/#primaryimage\"},\"thumbnailUrl\":\"https:\\\/\\\/www.apras.org\\\/wp-content\\\/uploads\\\/2020\\\/09\\\/Sans-titre-1-scaled.jpg\",\"datePublished\":\"2020-08-10T13:33:01+00:00\",\"dateModified\":\"2020-10-15T09:50:32+00:00\",\"breadcrumb\":{\"@id\":\"https:\\\/\\\/www.apras.org\\\/le-pole-animation\\\/#breadcrumb\"},\"inLanguage\":\"en-US\",\"potentialAction\":[{\"@type\":\"ReadAction\",\"target\":[\"https:\\\/\\\/www.apras.org\\\/le-pole-animation\\\/\"]}]},{\"@type\":\"ImageObject\",\"inLanguage\":\"en-US\",\"@id\":\"https:\\\/\\\/www.apras.org\\\/le-pole-animation\\\/#primaryimage\",\"url\":\"https:\\\/\\\/www.apras.org\\\/wp-content\\\/uploads\\\/2020\\\/09\\\/Sans-titre-1-scaled.jpg\",\"contentUrl\":\"https:\\\/\\\/www.apras.org\\\/wp-content\\\/uploads\\\/2020\\\/09\\\/Sans-titre-1-scaled.jpg\",\"width\":2560,\"height\":1344},{\"@type\":\"BreadcrumbList\",\"@id\":\"https:\\\/\\\/www.apras.org\\\/le-pole-animation\\\/#breadcrumb\",\"itemListElement\":[{\"@type\":\"ListItem\",\"position\":1,\"name\":\"Accueil\",\"item\":\"https:\\\/\\\/www.apras.org\\\/\"},{\"@type\":\"ListItem\",\"position\":2,\"name\":\"Le P\u00f4le Animation\"}]},{\"@type\":\"WebSite\",\"@id\":\"https:\\\/\\\/www.apras.org\\\/#website\",\"url\":\"https:\\\/\\\/www.apras.org\\\/\",\"name\":\"APRAS\",\"description\":\"Le social partag\u00e9\",\"publisher\":{\"@id\":\"https:\\\/\\\/www.apras.org\\\/#organization\"},\"potentialAction\":[{\"@type\":\"SearchAction\",\"target\":{\"@type\":\"EntryPoint\",\"urlTemplate\":\"https:\\\/\\\/www.apras.org\\\/?s={search_term_string}\"},\"query-input\":{\"@type\":\"PropertyValueSpecification\",\"valueRequired\":true,\"valueName\":\"search_term_string\"}}],\"inLanguage\":\"en-US\"},{\"@type\":\"Organization\",\"@id\":\"https:\\\/\\\/www.apras.org\\\/#organization\",\"name\":\"APRAS\",\"url\":\"https:\\\/\\\/www.apras.org\\\/\",\"logo\":{\"@type\":\"ImageObject\",\"inLanguage\":\"en-US\",\"@id\":\"https:\\\/\\\/www.apras.org\\\/#\\\/schema\\\/logo\\\/image\\\/\",\"url\":\"https:\\\/\\\/www.apras.org\\\/wp-content\\\/uploads\\\/2020\\\/12\\\/logo-apras.svg\",\"contentUrl\":\"https:\\\/\\\/www.apras.org\\\/wp-content\\\/uploads\\\/2020\\\/12\\\/logo-apras.svg\",\"width\":1,\"height\":1,\"caption\":\"APRAS\"},\"image\":{\"@id\":\"https:\\\/\\\/www.apras.org\\\/#\\\/schema\\\/logo\\\/image\\\/\"}}]}<\/script>\n<!-- \/ Yoast SEO plugin. -->","yoast_head_json":{"title":"Le P\u00f4le Animation - APRAS","robots":{"index":"index","follow":"follow","max-snippet":"max-snippet:-1","max-image-preview":"max-image-preview:large","max-video-preview":"max-video-preview:-1"},"canonical":"https:\/\/www.apras.org\/le-pole-animation\/","og_locale":"en_US","og_type":"article","og_title":"Le P\u00f4le Animation - APRAS","og_description":"&#8230; pour soutenir les initiatives des habitant\u00b7e\u00b7s et les dynamiques associatives Le p\u00f4le animation assure la gestion de locaux, de salles polyvalentes et d\u2019\u00e9quipements qui lui sont confi\u00e9s par ses membres&nbsp; : Ville de Rennes et bailleurs sociaux. Ces locaux sont lou\u00e9s aux associations et habitants rennais. Ils participent \u00e0 dynamiser la vie associative et [&hellip;]","og_url":"https:\/\/www.apras.org\/le-pole-animation\/","og_site_name":"APRAS","article_modified_time":"2020-10-15T09:50:32+00:00","og_image":[{"width":2560,"height":1344,"url":"https:\/\/www.apras.org\/wp-content\/uploads\/2020\/09\/Sans-titre-1-scaled.jpg","type":"image\/jpeg"}],"twitter_card":"summary_large_image","twitter_misc":{"Est. reading time":"1 minute"},"schema":{"@context":"https:\/\/schema.org","@graph":[{"@type":"WebPage","@id":"https:\/\/www.apras.org\/le-pole-animation\/","url":"https:\/\/www.apras.org\/le-pole-animation\/","name":"Le P\u00f4le Animation - APRAS","isPartOf":{"@id":"https:\/\/www.apras.org\/#website"},"primaryImageOfPage":{"@id":"https:\/\/www.apras.org\/le-pole-animation\/#primaryimage"},"image":{"@id":"https:\/\/www.apras.org\/le-pole-animation\/#primaryimage"},"thumbnailUrl":"https:\/\/www.apras.org\/wp-content\/uploads\/2020\/09\/Sans-titre-1-scaled.jpg","datePublished":"2020-08-10T13:33:01+00:00","dateModified":"2020-10-15T09:50:32+00:00","breadcrumb":{"@id":"https:\/\/www.apras.org\/le-pole-animation\/#breadcrumb"},"inLanguage":"en-US","potentialAction":[{"@type":"ReadAction","target":["https:\/\/www.apras.org\/le-pole-animation\/"]}]},{"@type":"ImageObject","inLanguage":"en-US","@id":"https:\/\/www.apras.org\/le-pole-animation\/#primaryimage","url":"https:\/\/www.apras.org\/wp-content\/uploads\/2020\/09\/Sans-titre-1-scaled.jpg","contentUrl":"https:\/\/www.apras.org\/wp-content\/uploads\/2020\/09\/Sans-titre-1-scaled.jpg","width":2560,"height":1344},{"@type":"BreadcrumbList","@id":"https:\/\/www.apras.org\/le-pole-animation\/#breadcrumb","itemListElement":[{"@type":"ListItem","position":1,"name":"Accueil","item":"https:\/\/www.apras.org\/"},{"@type":"ListItem","position":2,"name":"Le P\u00f4le Animation"}]},{"@type":"WebSite","@id":"https:\/\/www.apras.org\/#website","url":"https:\/\/www.apras.org\/","name":"APRAS","description":"Le social partag\u00e9","publisher":{"@id":"https:\/\/www.apras.org\/#organization"},"potentialAction":[{"@type":"SearchAction","target":{"@type":"EntryPoint","urlTemplate":"https:\/\/www.apras.org\/?s={search_term_string}"},"query-input":{"@type":"PropertyValueSpecification","valueRequired":true,"valueName":"search_term_string"}}],"inLanguage":"en-US"},{"@type":"Organization","@id":"https:\/\/www.apras.org\/#organization","name":"APRAS","url":"https:\/\/www.apras.org\/","logo":{"@type":"ImageObject","inLanguage":"en-US","@id":"https:\/\/www.apras.org\/#\/schema\/logo\/image\/","url":"https:\/\/www.apras.org\/wp-content\/uploads\/2020\/12\/logo-apras.svg","contentUrl":"https:\/\/www.apras.org\/wp-content\/uploads\/2020\/12\/logo-apras.svg","width":1,"height":1,"caption":"APRAS"},"image":{"@id":"https:\/\/www.apras.org\/#\/schema\/logo\/image\/"}}]}},"_links":{"self":[{"href":"https:\/\/www.apras.org\/en\/wp-json\/wp\/v2\/pages\/70","targetHints":{"allow":["GET"]}}],"collection":[{"href":"https:\/\/www.apras.org\/en\/wp-json\/wp\/v2\/pages"}],"about":[{"href":"https:\/\/www.apras.org\/en\/wp-json\/wp\/v2\/types\/page"}],"author":[{"embeddable":true,"href":"https:\/\/www.apras.org\/en\/wp-json\/wp\/v2\/users\/1"}],"replies":[{"embeddable":true,"href":"https:\/\/www.apras.org\/en\/wp-json\/wp\/v2\/comments?post=70"}],"version-history":[{"count":5,"href":"https:\/\/www.apras.org\/en\/wp-json\/wp\/v2\/pages\/70\/revisions"}],"predecessor-version":[{"id":790,"href":"https:\/\/www.apras.org\/en\/wp-json\/wp\/v2\/pages\/70\/revisions\/790"}],"wp:featuredmedia":[{"embeddable":true,"href":"https:\/\/www.apras.org\/en\/wp-json\/wp\/v2\/media\/427"}],"wp:attachment":[{"href":"https:\/\/www.apras.org\/en\/wp-json\/wp\/v2\/media?parent=70"}],"curies":[{"name":"wp","href":"https:\/\/api.w.org\/{rel}","templated":true}]}}