{"id":75,"date":"2020-08-10T15:33:58","date_gmt":"2020-08-10T13:33:58","guid":{"rendered":"http:\/\/localhost\/apras.org\/?page_id=75"},"modified":"2025-03-06T16:40:50","modified_gmt":"2025-03-06T15:40:50","slug":"les-locaux-collectifs-residentiels-lcr","status":"publish","type":"page","link":"https:\/\/www.apras.org\/en\/les-locaux-collectifs-residentiels-lcr\/","title":{"rendered":"Les locaux collectifs \/ associatifs"},"content":{"rendered":"\n<h3 class=\"wp-block-heading has-text-align-center\">Situ\u00e9s en RDC d\u2019immeubles HLM, les LCR, locaux collectifs r\u00e9sidentiels, sont des lieux d\u2019animation et de rencontre au service des habitants et des associations.<\/h3>\n\n\n\n<div style=\"height:24px\" aria-hidden=\"true\" class=\"wp-block-spacer\"><\/div>\n\n\n<div id=\"titre-parag-block_9cfcce57133db26fd3bef95e9ee109cf\" class=\"titre-parag-block card mb-6 shadow-lg bg-secondary text-white\">\r\n\t<div class=\"card-body\">\r\n\t\t<h3 class=\"titre-parag-title text-center display-3\">300 Associations et Collectifs d&#8217;habitants<\/h3>\r\n    <div class=\"titre-parag-texte text-center\">\r\n        <p>accueillis dans ces locaux<\/p>\n    <\/div>\r\n\t<\/div>\r\n    \r\n<\/div>\n\n<div id=\"titre-parag-block_1e23ca99a22199f572011ef3eb43dbb0\" class=\"titre-parag-block card mb-6 shadow-lg bg-secondary text-white\">\r\n\t<div class=\"card-body\">\r\n\t\t<h3 class=\"titre-parag-title text-center display-3\">pr\u00e8s de 1000 heures hebdo d&#8217;activit\u00e9s<\/h3>\r\n    <div class=\"titre-parag-texte text-center\">\r\n        <p>organis\u00e9es dans les salles polyvalentes<\/p>\n    <\/div>\r\n\t<\/div>\r\n    \r\n<\/div>\n\n\n<div class=\"wp-block-columns is-layout-flex wp-container-core-columns-is-layout-9d6595d7 wp-block-columns-is-layout-flex\">\n<div class=\"wp-block-column is-layout-flow wp-block-column-is-layout-flow\"><\/div>\n\n\n\n<div class=\"wp-block-column is-layout-flow wp-block-column-is-layout-flow\"><\/div>\n<\/div>\n\n\n\n<p>On distingue <\/p>\n\n\n\n<ul class=\"wp-block-list\">\n<li>les <strong>locaux affect\u00e9s<\/strong> \u00e0 une ou plusieurs associations pour 3 ans, <\/li>\n\n\n\n<li>les <strong>salles polyvalentes<\/strong> qui accueillent des activit\u00e9s \u00e0 l\u2019ann\u00e9e scolaire.<\/li>\n<\/ul>\n\n\n\n<div style=\"height:24px\" aria-hidden=\"true\" class=\"wp-block-spacer\"><\/div>\n\n\n\n<hr class=\"wp-block-separator has-css-opacity\"\/>\n\n\n\n<h2 class=\"wp-block-heading has-text-align-center has-text-color\" style=\"color:#31ada2\">Vous \u00eates une association ou un collectif<br>Vous avez besoin d&#8217;un lieu pour vous r\u00e9unir et travailler ? pratiquer une activit\u00e9 ?<\/h2>\n\n\n\n<p class=\"has-text-align-center\">Pour faire une demande de soutien aupr\u00e8s de l\u2019APRAS, compl\u00e9tez le dossier suivant&nbsp; :<\/p>\n\n\n\n<div class=\"wp-block-columns is-layout-flex wp-container-core-columns-is-layout-9d6595d7 wp-block-columns-is-layout-flex\">\n<div class=\"wp-block-column is-layout-flow wp-block-column-is-layout-flow\">\n<div class=\"wp-block-buttons is-horizontal is-content-justification-center is-layout-flex wp-container-core-buttons-is-layout-499968f5 wp-block-buttons-is-layout-flex\">\n<div class=\"wp-block-button\"><a class=\"wp-block-button__link has-background wp-element-button\" href=\"https:\/\/www.apras.org\/wp-content\/uploads\/2025\/03\/DOSSIER-Demande-local-pour-association-VR.pdf\" style=\"background-color:#31ada2\" target=\"_blank\" rel=\"noreferrer noopener\">Dossier de demande d\u2019un local pour une association<\/a><\/div>\n<\/div>\n\n\n\n<p><\/p>\n<\/div>\n\n\n\n<div class=\"wp-block-column is-layout-flow wp-block-column-is-layout-flow\">\n<div class=\"wp-block-buttons is-horizontal is-content-justification-center is-layout-flex wp-container-core-buttons-is-layout-499968f5 wp-block-buttons-is-layout-flex\">\n<div class=\"wp-block-button\"><a class=\"wp-block-button__link has-background wp-element-button\" href=\"https:\/\/www.apras.org\/wp-content\/uploads\/2025\/03\/DOSSIER-Demande-local-pour-collectif-dhabitants-VR.pdf\" style=\"background-color:#31ada2\" target=\"_blank\" rel=\"noreferrer noopener\">Dossier de demande d\u2019un local pour un collectif d\u2019habitants<\/a><\/div>\n<\/div>\n\n\n\n<p><\/p>\n<\/div>\n<\/div>\n\n\n\n<p>Afin de connaitre les dates des prochaines commissions, <a href=\"http:\/\/www.apras.org\/dates-des-commissions-dattribution-des-locaux\" target=\"_blank\" rel=\"noreferrer noopener\">cliquez ici.<\/a><\/p>\n\n\n\n<hr class=\"wp-block-separator has-css-opacity\"\/>\n\n\n\n<blockquote class=\"wp-block-quote is-layout-flow wp-block-quote-is-layout-flow\">\n<p>Plus d&#8217;informations sur <br><a href=\"https:\/\/www.apras.org\/location-de-salles\/\" data-type=\"URL\" data-id=\"https:\/\/www.apras.org\/location-de-salles\/\">les locations de Salles Familiales<\/a>, <a href=\"https:\/\/www.apras.org\/les-poles-associatifs\/\" data-type=\"URL\" data-id=\"https:\/\/www.apras.org\/les-poles-associatifs\/\">les P\u00f4les Associatifs<\/a> <\/p>\n<\/blockquote>\n\n\n\n<div class=\"wp-block-columns is-layout-flex wp-container-core-columns-is-layout-9d6595d7 wp-block-columns-is-layout-flex\">\n<div class=\"wp-block-column is-layout-flow wp-block-column-is-layout-flow\"><\/div>\n\n\n\n<div class=\"wp-block-column is-layout-flow wp-block-column-is-layout-flow\"><\/div>\n<\/div>\n\n\n\n<p><\/p>\n","protected":false},"excerpt":{"rendered":"<p>Situ\u00e9s en RDC d\u2019immeubles HLM, les LCR, locaux collectifs r\u00e9sidentiels, sont des lieux d\u2019animation et de rencontre au service des habitants et des associations. On distingue Vous \u00eates une association ou un collectifVous avez besoin d&#8217;un lieu pour vous r\u00e9unir et travailler ? pratiquer une activit\u00e9 ? Pour faire une demande de soutien aupr\u00e8s de [&hellip;]<\/p>\n","protected":false},"author":1,"featured_media":466,"parent":0,"menu_order":0,"comment_status":"closed","ping_status":"closed","template":"","meta":{"_acf_changed":false,"footnotes":""},"class_list":["post-75","page","type-page","status-publish","has-post-thumbnail","hentry"],"acf":[],"yoast_head":"<!-- This site is optimized with the Yoast SEO plugin v27.5 - https:\/\/yoast.com\/product\/yoast-seo-wordpress\/ -->\n<title>Les locaux collectifs \/ associatifs - APRAS<\/title>\n<meta name=\"robots\" content=\"index, follow, max-snippet:-1, max-image-preview:large, max-video-preview:-1\" \/>\n<link rel=\"canonical\" href=\"https:\/\/www.apras.org\/les-locaux-collectifs-residentiels-lcr\/\" \/>\n<meta property=\"og:locale\" content=\"en_US\" \/>\n<meta property=\"og:type\" content=\"article\" \/>\n<meta property=\"og:title\" content=\"Les locaux collectifs \/ associatifs - APRAS\" \/>\n<meta property=\"og:description\" content=\"Situ\u00e9s en RDC d\u2019immeubles HLM, les LCR, locaux collectifs r\u00e9sidentiels, sont des lieux d\u2019animation et de rencontre au service des habitants et des associations. On distingue Vous \u00eates une association ou un collectifVous avez besoin d&#8217;un lieu pour vous r\u00e9unir et travailler ? pratiquer une activit\u00e9 ? Pour faire une demande de soutien aupr\u00e8s de [&hellip;]\" \/>\n<meta property=\"og:url\" content=\"https:\/\/www.apras.org\/les-locaux-collectifs-residentiels-lcr\/\" \/>\n<meta property=\"og:site_name\" content=\"APRAS\" \/>\n<meta property=\"article:modified_time\" content=\"2025-03-06T15:40:50+00:00\" \/>\n<meta property=\"og:image\" content=\"https:\/\/www.apras.org\/wp-content\/uploads\/2020\/09\/LCR-DULLIN-association-PAR-TOUT-ARTISTE3.jpg\" \/>\n\t<meta property=\"og:image:width\" content=\"960\" \/>\n\t<meta property=\"og:image:height\" content=\"720\" \/>\n\t<meta property=\"og:image:type\" content=\"image\/jpeg\" \/>\n<meta name=\"twitter:card\" content=\"summary_large_image\" \/>\n<meta name=\"twitter:label1\" content=\"Est. reading time\" \/>\n\t<meta name=\"twitter:data1\" content=\"1 minute\" \/>\n<script type=\"application\/ld+json\" class=\"yoast-schema-graph\">{\"@context\":\"https:\\\/\\\/schema.org\",\"@graph\":[{\"@type\":\"WebPage\",\"@id\":\"https:\\\/\\\/www.apras.org\\\/les-locaux-collectifs-residentiels-lcr\\\/\",\"url\":\"https:\\\/\\\/www.apras.org\\\/les-locaux-collectifs-residentiels-lcr\\\/\",\"name\":\"Les locaux collectifs \\\/ associatifs - APRAS\",\"isPartOf\":{\"@id\":\"https:\\\/\\\/www.apras.org\\\/#website\"},\"primaryImageOfPage\":{\"@id\":\"https:\\\/\\\/www.apras.org\\\/les-locaux-collectifs-residentiels-lcr\\\/#primaryimage\"},\"image\":{\"@id\":\"https:\\\/\\\/www.apras.org\\\/les-locaux-collectifs-residentiels-lcr\\\/#primaryimage\"},\"thumbnailUrl\":\"https:\\\/\\\/www.apras.org\\\/wp-content\\\/uploads\\\/2020\\\/09\\\/LCR-DULLIN-association-PAR-TOUT-ARTISTE3.jpg\",\"datePublished\":\"2020-08-10T13:33:58+00:00\",\"dateModified\":\"2025-03-06T15:40:50+00:00\",\"breadcrumb\":{\"@id\":\"https:\\\/\\\/www.apras.org\\\/les-locaux-collectifs-residentiels-lcr\\\/#breadcrumb\"},\"inLanguage\":\"en-US\",\"potentialAction\":[{\"@type\":\"ReadAction\",\"target\":[\"https:\\\/\\\/www.apras.org\\\/les-locaux-collectifs-residentiels-lcr\\\/\"]}]},{\"@type\":\"ImageObject\",\"inLanguage\":\"en-US\",\"@id\":\"https:\\\/\\\/www.apras.org\\\/les-locaux-collectifs-residentiels-lcr\\\/#primaryimage\",\"url\":\"https:\\\/\\\/www.apras.org\\\/wp-content\\\/uploads\\\/2020\\\/09\\\/LCR-DULLIN-association-PAR-TOUT-ARTISTE3.jpg\",\"contentUrl\":\"https:\\\/\\\/www.apras.org\\\/wp-content\\\/uploads\\\/2020\\\/09\\\/LCR-DULLIN-association-PAR-TOUT-ARTISTE3.jpg\",\"width\":960,\"height\":720},{\"@type\":\"BreadcrumbList\",\"@id\":\"https:\\\/\\\/www.apras.org\\\/les-locaux-collectifs-residentiels-lcr\\\/#breadcrumb\",\"itemListElement\":[{\"@type\":\"ListItem\",\"position\":1,\"name\":\"Accueil\",\"item\":\"https:\\\/\\\/www.apras.org\\\/\"},{\"@type\":\"ListItem\",\"position\":2,\"name\":\"Les locaux collectifs \\\/ associatifs\"}]},{\"@type\":\"WebSite\",\"@id\":\"https:\\\/\\\/www.apras.org\\\/#website\",\"url\":\"https:\\\/\\\/www.apras.org\\\/\",\"name\":\"APRAS\",\"description\":\"Le social partag\u00e9\",\"publisher\":{\"@id\":\"https:\\\/\\\/www.apras.org\\\/#organization\"},\"potentialAction\":[{\"@type\":\"SearchAction\",\"target\":{\"@type\":\"EntryPoint\",\"urlTemplate\":\"https:\\\/\\\/www.apras.org\\\/?s={search_term_string}\"},\"query-input\":{\"@type\":\"PropertyValueSpecification\",\"valueRequired\":true,\"valueName\":\"search_term_string\"}}],\"inLanguage\":\"en-US\"},{\"@type\":\"Organization\",\"@id\":\"https:\\\/\\\/www.apras.org\\\/#organization\",\"name\":\"APRAS\",\"url\":\"https:\\\/\\\/www.apras.org\\\/\",\"logo\":{\"@type\":\"ImageObject\",\"inLanguage\":\"en-US\",\"@id\":\"https:\\\/\\\/www.apras.org\\\/#\\\/schema\\\/logo\\\/image\\\/\",\"url\":\"https:\\\/\\\/www.apras.org\\\/wp-content\\\/uploads\\\/2020\\\/12\\\/logo-apras.svg\",\"contentUrl\":\"https:\\\/\\\/www.apras.org\\\/wp-content\\\/uploads\\\/2020\\\/12\\\/logo-apras.svg\",\"width\":1,\"height\":1,\"caption\":\"APRAS\"},\"image\":{\"@id\":\"https:\\\/\\\/www.apras.org\\\/#\\\/schema\\\/logo\\\/image\\\/\"}}]}<\/script>\n<!-- \/ Yoast SEO plugin. -->","yoast_head_json":{"title":"Les locaux collectifs \/ associatifs - APRAS","robots":{"index":"index","follow":"follow","max-snippet":"max-snippet:-1","max-image-preview":"max-image-preview:large","max-video-preview":"max-video-preview:-1"},"canonical":"https:\/\/www.apras.org\/les-locaux-collectifs-residentiels-lcr\/","og_locale":"en_US","og_type":"article","og_title":"Les locaux collectifs \/ associatifs - APRAS","og_description":"Situ\u00e9s en RDC d\u2019immeubles HLM, les LCR, locaux collectifs r\u00e9sidentiels, sont des lieux d\u2019animation et de rencontre au service des habitants et des associations. On distingue Vous \u00eates une association ou un collectifVous avez besoin d&#8217;un lieu pour vous r\u00e9unir et travailler ? pratiquer une activit\u00e9 ? Pour faire une demande de soutien aupr\u00e8s de [&hellip;]","og_url":"https:\/\/www.apras.org\/les-locaux-collectifs-residentiels-lcr\/","og_site_name":"APRAS","article_modified_time":"2025-03-06T15:40:50+00:00","og_image":[{"width":960,"height":720,"url":"https:\/\/www.apras.org\/wp-content\/uploads\/2020\/09\/LCR-DULLIN-association-PAR-TOUT-ARTISTE3.jpg","type":"image\/jpeg"}],"twitter_card":"summary_large_image","twitter_misc":{"Est. reading time":"1 minute"},"schema":{"@context":"https:\/\/schema.org","@graph":[{"@type":"WebPage","@id":"https:\/\/www.apras.org\/les-locaux-collectifs-residentiels-lcr\/","url":"https:\/\/www.apras.org\/les-locaux-collectifs-residentiels-lcr\/","name":"Les locaux collectifs \/ associatifs - APRAS","isPartOf":{"@id":"https:\/\/www.apras.org\/#website"},"primaryImageOfPage":{"@id":"https:\/\/www.apras.org\/les-locaux-collectifs-residentiels-lcr\/#primaryimage"},"image":{"@id":"https:\/\/www.apras.org\/les-locaux-collectifs-residentiels-lcr\/#primaryimage"},"thumbnailUrl":"https:\/\/www.apras.org\/wp-content\/uploads\/2020\/09\/LCR-DULLIN-association-PAR-TOUT-ARTISTE3.jpg","datePublished":"2020-08-10T13:33:58+00:00","dateModified":"2025-03-06T15:40:50+00:00","breadcrumb":{"@id":"https:\/\/www.apras.org\/les-locaux-collectifs-residentiels-lcr\/#breadcrumb"},"inLanguage":"en-US","potentialAction":[{"@type":"ReadAction","target":["https:\/\/www.apras.org\/les-locaux-collectifs-residentiels-lcr\/"]}]},{"@type":"ImageObject","inLanguage":"en-US","@id":"https:\/\/www.apras.org\/les-locaux-collectifs-residentiels-lcr\/#primaryimage","url":"https:\/\/www.apras.org\/wp-content\/uploads\/2020\/09\/LCR-DULLIN-association-PAR-TOUT-ARTISTE3.jpg","contentUrl":"https:\/\/www.apras.org\/wp-content\/uploads\/2020\/09\/LCR-DULLIN-association-PAR-TOUT-ARTISTE3.jpg","width":960,"height":720},{"@type":"BreadcrumbList","@id":"https:\/\/www.apras.org\/les-locaux-collectifs-residentiels-lcr\/#breadcrumb","itemListElement":[{"@type":"ListItem","position":1,"name":"Accueil","item":"https:\/\/www.apras.org\/"},{"@type":"ListItem","position":2,"name":"Les locaux collectifs \/ associatifs"}]},{"@type":"WebSite","@id":"https:\/\/www.apras.org\/#website","url":"https:\/\/www.apras.org\/","name":"APRAS","description":"Le social partag\u00e9","publisher":{"@id":"https:\/\/www.apras.org\/#organization"},"potentialAction":[{"@type":"SearchAction","target":{"@type":"EntryPoint","urlTemplate":"https:\/\/www.apras.org\/?s={search_term_string}"},"query-input":{"@type":"PropertyValueSpecification","valueRequired":true,"valueName":"search_term_string"}}],"inLanguage":"en-US"},{"@type":"Organization","@id":"https:\/\/www.apras.org\/#organization","name":"APRAS","url":"https:\/\/www.apras.org\/","logo":{"@type":"ImageObject","inLanguage":"en-US","@id":"https:\/\/www.apras.org\/#\/schema\/logo\/image\/","url":"https:\/\/www.apras.org\/wp-content\/uploads\/2020\/12\/logo-apras.svg","contentUrl":"https:\/\/www.apras.org\/wp-content\/uploads\/2020\/12\/logo-apras.svg","width":1,"height":1,"caption":"APRAS"},"image":{"@id":"https:\/\/www.apras.org\/#\/schema\/logo\/image\/"}}]}},"_links":{"self":[{"href":"https:\/\/www.apras.org\/en\/wp-json\/wp\/v2\/pages\/75","targetHints":{"allow":["GET"]}}],"collection":[{"href":"https:\/\/www.apras.org\/en\/wp-json\/wp\/v2\/pages"}],"about":[{"href":"https:\/\/www.apras.org\/en\/wp-json\/wp\/v2\/types\/page"}],"author":[{"embeddable":true,"href":"https:\/\/www.apras.org\/en\/wp-json\/wp\/v2\/users\/1"}],"replies":[{"embeddable":true,"href":"https:\/\/www.apras.org\/en\/wp-json\/wp\/v2\/comments?post=75"}],"version-history":[{"count":9,"href":"https:\/\/www.apras.org\/en\/wp-json\/wp\/v2\/pages\/75\/revisions"}],"predecessor-version":[{"id":3099,"href":"https:\/\/www.apras.org\/en\/wp-json\/wp\/v2\/pages\/75\/revisions\/3099"}],"wp:featuredmedia":[{"embeddable":true,"href":"https:\/\/www.apras.org\/en\/wp-json\/wp\/v2\/media\/466"}],"wp:attachment":[{"href":"https:\/\/www.apras.org\/en\/wp-json\/wp\/v2\/media?parent=75"}],"curies":[{"name":"wp","href":"https:\/\/api.w.org\/{rel}","templated":true}]}}