{"id":82,"date":"2020-08-10T15:35:00","date_gmt":"2020-08-10T13:35:00","guid":{"rendered":"http:\/\/localhost\/apras.org\/?page_id=82"},"modified":"2026-04-20T09:15:32","modified_gmt":"2026-04-20T07:15:32","slug":"les-poles-associatifs","status":"publish","type":"page","link":"https:\/\/www.apras.org\/en\/les-poles-associatifs\/","title":{"rendered":"Les P\u00f4les Associatifs"},"content":{"rendered":"\n<h3 class=\"wp-block-heading has-text-align-center\">La cr\u00e9ation du premier p\u00f4le remonte \u00e0 2005 sur le quartier du Blosne. Ces \u00e9quipements correspondent \u00e0 une nouvelle approche de la vie associative, et r\u00e9pondent \u00e0 la volont\u00e9 d\u2019exp\u00e9rimenter de nouvelles formes d\u2019organisation en mutualisant des moyens et des comp\u00e9tences. <\/h3>\n\n\n\n<div style=\"height:20px\" aria-hidden=\"true\" class=\"wp-block-spacer\"><\/div>\n\n\n\n<p>La mutualisation r\u00e9pond aux r\u00e9alit\u00e9s actuelles du secteur associatif, avec la possibilit\u00e9 de partager des espaces, des ressources et des co\u00fbts de gestion.<\/p>\n\n\n\n<p>Un p\u00f4le n\u2019est pas un \u00e9quipement classique, comme une maison de quartier avec des \u00e9quipes, un accueil identifi\u00e9 et un d\u00e9roul\u00e9 d\u2019activit\u00e9s.<\/p>\n\n\n\n<p>Chaque p\u00f4le est porteur de sa propre histoire, tr\u00e8s li\u00e9e aux acteurs qui le composent et \u00e0 son quartier d\u2019implantation.<\/p>\n\n\n\n<p>Les utilisateurs sont tr\u00e8s vari\u00e9es&nbsp;: des associations de b\u00e9n\u00e9voles, des associations professionnelles ou des groupes d\u2019habitants s\u2019y croisent, font connaissance, et le cas \u00e9ch\u00e9ant se retrouvent sur des objectifs ou projets communs.<\/p>\n\n\n\n<p>Cette diversit\u00e9 cr\u00e9e des exp\u00e9riences et des dynamiques singuli\u00e8res que l\u2019APRAS orchestre avec une fonction identifi\u00e9e de tiers m\u00e9diateur et facilitateur.<\/p>\n\n\n\n<p>Ce sont des lieux de d\u00e9bats et de mixit\u00e9 \u00e0 tous les niveaux (culturels, g\u00e9n\u00e9rationnels, sociaux\u2026) qui refl\u00e8tent la diversit\u00e9 de la vie rennaise<\/p>\n\n\n\n<blockquote class=\"wp-block-quote is-layout-flow wp-block-quote-is-layout-flow\">\n<p>\u00ab&nbsp;Sans doute y a-t-il une logique gestionnaire, d\u2019\u00e9conomie, dans la conception de ces lieux. Mais on y trouve aussi \u00ab&nbsp;quelque chose \u00e0 donner, quelque chose que l\u2019on n\u2019a pas&nbsp;\u00bb \u2026 c\u2019est la dimension d\u2019\u00e9change et collective du lieu. Les p\u00f4les \u00ab&nbsp;soignent de l\u2019autosuffisance&nbsp;\u00bb. <\/p>\n<cite><strong>Georges CAVRET &#8211; 2012, invit\u00e9 \u00e0 l\u2019AG de l\u2019APRAS<\/strong><\/cite><\/blockquote>\n\n\n\n<h3 class=\"wp-block-heading has-text-align-center has-text-color\" style=\"color:#31ada2\">Le PAM, p\u00f4le associatif de la Marbaudais<br>MAUREPAS<\/h3>\n\n\n\n<p><\/p>\n\n\n\n<div class=\"wp-block-columns is-layout-flex wp-container-core-columns-is-layout-9d6595d7 wp-block-columns-is-layout-flex\">\n<div class=\"wp-block-column is-layout-flow wp-block-column-is-layout-flow\"><div class=\"wp-block-image\">\n<figure class=\"aligncenter size-large is-resized\"><img decoding=\"async\" width=\"684\" height=\"1024\" data-src=\"https:\/\/www.apras.org\/wp-content\/uploads\/2020\/09\/photo-hall-PAM-1-edited-684x1024.jpg\" alt=\"\" class=\"wp-image-478 lazyload\" style=\"--smush-placeholder-width: 684px; --smush-placeholder-aspect-ratio: 684\/1024;width:308px;height:460px\" data-srcset=\"https:\/\/www.apras.org\/wp-content\/uploads\/2020\/09\/photo-hall-PAM-1-edited-684x1024.jpg 684w, https:\/\/www.apras.org\/wp-content\/uploads\/2020\/09\/photo-hall-PAM-1-edited-200x300.jpg 200w, https:\/\/www.apras.org\/wp-content\/uploads\/2020\/09\/photo-hall-PAM-1-edited-768x1150.jpg 768w, https:\/\/www.apras.org\/wp-content\/uploads\/2020\/09\/photo-hall-PAM-1-edited-1026x1536.jpg 1026w, https:\/\/www.apras.org\/wp-content\/uploads\/2020\/09\/photo-hall-PAM-1-edited-1368x2048.jpg 1368w, https:\/\/www.apras.org\/wp-content\/uploads\/2020\/09\/photo-hall-PAM-1-edited.jpg 1557w\" data-sizes=\"(max-width: 684px) 100vw, 684px\" src=\"data:image\/svg+xml;base64,PHN2ZyB3aWR0aD0iMSIgaGVpZ2h0PSIxIiB4bWxucz0iaHR0cDovL3d3dy53My5vcmcvMjAwMC9zdmciPjwvc3ZnPg==\" \/><\/figure>\n<\/div><\/div>\n\n\n\n<div class=\"wp-block-column is-layout-flow wp-block-column-is-layout-flow\">\n<p>Le PAM est un \u00e9quipement de 4 \u00e9tages de plus de 3 500 m\u00b2 au c\u0153ur de Maurepas, d\u00e9di\u00e9 aux associations et aux habitants. Le PAM h\u00e9berge plus de 25 structures, avec notamment la Biblioth\u00e8que municipale de Maurepas, une salle d&#8217;escalade, une salle de boxe et un espace jeunes.<br><br>Le PAM c&#8217;est un lieu d&#8217;accueil, de rencontre pour donner vie aux projets du quartier !<\/p>\n\n\n\n<p>L&#8217;ensemble des associations et des services du PAM est pr\u00e9sent\u00e9 dans le&nbsp;<a href=\"http:\/\/leblogdupam.blogspot.com\/\">site du PAM<\/a><a rel=\"noreferrer noopener\" href=\"http:\/\/leblogdupam.blogspot.com\/\" target=\"_blank\">.<\/a><br><\/p>\n<\/div>\n<\/div>\n\n\n\n<p><\/p>\n\n\n\n<div style=\"height:20px\" aria-hidden=\"true\" class=\"wp-block-spacer\"><\/div>\n\n\n\n<h3 class=\"wp-block-heading has-text-align-center has-text-color\" style=\"color:#31ada2\"><\/h3>\n\n\n\n<h3 class=\"wp-block-heading has-text-align-center has-text-color\" style=\"color:#31ada2\">Le p\u00f4le associatif Fernand Jacq<\/h3>\n\n\n\n<div style=\"height:20px\" aria-hidden=\"true\" class=\"wp-block-spacer\"><\/div>\n\n\n\n<div class=\"wp-block-columns is-layout-flex wp-container-core-columns-is-layout-9d6595d7 wp-block-columns-is-layout-flex\">\n<div class=\"wp-block-column is-layout-flow wp-block-column-is-layout-flow\" style=\"flex-basis:33.33%\">\n<figure class=\"wp-block-image size-large\"><img decoding=\"async\" width=\"1110\" height=\"833\" data-src=\"https:\/\/www.apras.org\/wp-content\/uploads\/2020\/11\/DSC_0177R-1110x833.jpg\" alt=\"\" class=\"wp-image-1323 lazyload\" data-srcset=\"https:\/\/www.apras.org\/wp-content\/uploads\/2020\/11\/DSC_0177R-1110x833.jpg 1110w, https:\/\/www.apras.org\/wp-content\/uploads\/2020\/11\/DSC_0177R-400x300.jpg 400w, https:\/\/www.apras.org\/wp-content\/uploads\/2020\/11\/DSC_0177R-1536x1152.jpg 1536w, https:\/\/www.apras.org\/wp-content\/uploads\/2020\/11\/DSC_0177R-2048x1536.jpg 2048w\" data-sizes=\"(max-width: 1110px) 100vw, 1110px\" src=\"data:image\/svg+xml;base64,PHN2ZyB3aWR0aD0iMSIgaGVpZ2h0PSIxIiB4bWxucz0iaHR0cDovL3d3dy53My5vcmcvMjAwMC9zdmciPjwvc3ZnPg==\" style=\"--smush-placeholder-width: 1110px; --smush-placeholder-aspect-ratio: 1110\/833;\" \/><\/figure>\n<\/div>\n\n\n\n<div class=\"wp-block-column is-layout-flow wp-block-column-is-layout-flow\" style=\"flex-basis:66.66%\">\n<p>Le p\u00f4le Fernand Jacq situ\u00e9 au c\u0153ur du quartier Francisco Ferrer est id\u00e9alement situ\u00e9 dans un parc municipal qui propose un jardin partag\u00e9 et une biblioth\u00e8que de rue. Ce p\u00f4le h\u00e9berge des associations et collectifs d\u2019habitants.<\/p>\n<\/div>\n<\/div>\n\n\n\n<div style=\"height:20px\" aria-hidden=\"true\" class=\"wp-block-spacer\"><\/div>\n\n\n\n<h3 class=\"wp-block-heading has-text-align-center has-text-color\" style=\"color:#31ada2\">D\u00e9couvrez sur cette carte interactive les diff\u00e9rents p\u00f4les et comment s&#8217;y rendre<\/h3>\n\n\n<p><iframe data-src=\"https:\/\/www.google.fr\/maps\/d\/u\/0\/embed?mid=1tZAA8NgWmuTFL-8w0V925Q2rYZlymQ8&#038;ehbc=2E312F&#038;noprof=1\" width=\"640\" height=\"480\" src=\"data:image\/svg+xml;base64,PHN2ZyB3aWR0aD0iMSIgaGVpZ2h0PSIxIiB4bWxucz0iaHR0cDovL3d3dy53My5vcmcvMjAwMC9zdmciPjwvc3ZnPg==\" class=\"lazyload\" data-load-mode=\"1\"><\/iframe><\/p>","protected":false},"excerpt":{"rendered":"<p>La cr\u00e9ation du premier p\u00f4le remonte \u00e0 2005 sur le quartier du Blosne. Ces \u00e9quipements correspondent \u00e0 une nouvelle approche de la vie associative, et r\u00e9pondent \u00e0 la volont\u00e9 d\u2019exp\u00e9rimenter de nouvelles formes d\u2019organisation en mutualisant des moyens et des comp\u00e9tences. La mutualisation r\u00e9pond aux r\u00e9alit\u00e9s actuelles du secteur associatif, avec la possibilit\u00e9 de partager [&hellip;]<\/p>\n","protected":false},"author":1,"featured_media":473,"parent":0,"menu_order":0,"comment_status":"closed","ping_status":"closed","template":"","meta":{"_acf_changed":false,"footnotes":""},"class_list":["post-82","page","type-page","status-publish","has-post-thumbnail","hentry"],"acf":[],"yoast_head":"<!-- This site is optimized with the Yoast SEO plugin v27.5 - https:\/\/yoast.com\/product\/yoast-seo-wordpress\/ -->\n<title>Les P\u00f4les Associatifs - APRAS<\/title>\n<meta name=\"robots\" content=\"index, follow, max-snippet:-1, max-image-preview:large, max-video-preview:-1\" \/>\n<link rel=\"canonical\" href=\"https:\/\/www.apras.org\/les-poles-associatifs\/\" \/>\n<meta property=\"og:locale\" content=\"en_US\" \/>\n<meta property=\"og:type\" content=\"article\" \/>\n<meta property=\"og:title\" content=\"Les P\u00f4les Associatifs - APRAS\" \/>\n<meta property=\"og:description\" content=\"La cr\u00e9ation du premier p\u00f4le remonte \u00e0 2005 sur le quartier du Blosne. Ces \u00e9quipements correspondent \u00e0 une nouvelle approche de la vie associative, et r\u00e9pondent \u00e0 la volont\u00e9 d\u2019exp\u00e9rimenter de nouvelles formes d\u2019organisation en mutualisant des moyens et des comp\u00e9tences. La mutualisation r\u00e9pond aux r\u00e9alit\u00e9s actuelles du secteur associatif, avec la possibilit\u00e9 de partager [&hellip;]\" \/>\n<meta property=\"og:url\" content=\"https:\/\/www.apras.org\/les-poles-associatifs\/\" \/>\n<meta property=\"og:site_name\" content=\"APRAS\" \/>\n<meta property=\"article:modified_time\" content=\"2026-04-20T07:15:32+00:00\" \/>\n<meta property=\"og:image\" content=\"https:\/\/www.apras.org\/wp-content\/uploads\/2020\/09\/photo-hall-PAM-scaled.jpg\" \/>\n\t<meta property=\"og:image:width\" content=\"2560\" \/>\n\t<meta property=\"og:image:height\" content=\"1438\" \/>\n\t<meta property=\"og:image:type\" content=\"image\/jpeg\" \/>\n<meta name=\"twitter:card\" content=\"summary_large_image\" \/>\n<meta name=\"twitter:label1\" content=\"Est. reading time\" \/>\n\t<meta name=\"twitter:data1\" content=\"3 minutes\" \/>\n<script type=\"application\/ld+json\" class=\"yoast-schema-graph\">{\"@context\":\"https:\\\/\\\/schema.org\",\"@graph\":[{\"@type\":\"WebPage\",\"@id\":\"https:\\\/\\\/www.apras.org\\\/les-poles-associatifs\\\/\",\"url\":\"https:\\\/\\\/www.apras.org\\\/les-poles-associatifs\\\/\",\"name\":\"Les P\u00f4les Associatifs - APRAS\",\"isPartOf\":{\"@id\":\"https:\\\/\\\/www.apras.org\\\/#website\"},\"primaryImageOfPage\":{\"@id\":\"https:\\\/\\\/www.apras.org\\\/les-poles-associatifs\\\/#primaryimage\"},\"image\":{\"@id\":\"https:\\\/\\\/www.apras.org\\\/les-poles-associatifs\\\/#primaryimage\"},\"thumbnailUrl\":\"https:\\\/\\\/www.apras.org\\\/wp-content\\\/uploads\\\/2020\\\/09\\\/photo-hall-PAM-scaled.jpg\",\"datePublished\":\"2020-08-10T13:35:00+00:00\",\"dateModified\":\"2026-04-20T07:15:32+00:00\",\"breadcrumb\":{\"@id\":\"https:\\\/\\\/www.apras.org\\\/les-poles-associatifs\\\/#breadcrumb\"},\"inLanguage\":\"en-US\",\"potentialAction\":[{\"@type\":\"ReadAction\",\"target\":[\"https:\\\/\\\/www.apras.org\\\/les-poles-associatifs\\\/\"]}]},{\"@type\":\"ImageObject\",\"inLanguage\":\"en-US\",\"@id\":\"https:\\\/\\\/www.apras.org\\\/les-poles-associatifs\\\/#primaryimage\",\"url\":\"https:\\\/\\\/www.apras.org\\\/wp-content\\\/uploads\\\/2020\\\/09\\\/photo-hall-PAM-scaled.jpg\",\"contentUrl\":\"https:\\\/\\\/www.apras.org\\\/wp-content\\\/uploads\\\/2020\\\/09\\\/photo-hall-PAM-scaled.jpg\",\"width\":2560,\"height\":1438},{\"@type\":\"BreadcrumbList\",\"@id\":\"https:\\\/\\\/www.apras.org\\\/les-poles-associatifs\\\/#breadcrumb\",\"itemListElement\":[{\"@type\":\"ListItem\",\"position\":1,\"name\":\"Accueil\",\"item\":\"https:\\\/\\\/www.apras.org\\\/\"},{\"@type\":\"ListItem\",\"position\":2,\"name\":\"Les P\u00f4les Associatifs\"}]},{\"@type\":\"WebSite\",\"@id\":\"https:\\\/\\\/www.apras.org\\\/#website\",\"url\":\"https:\\\/\\\/www.apras.org\\\/\",\"name\":\"APRAS\",\"description\":\"Le social partag\u00e9\",\"publisher\":{\"@id\":\"https:\\\/\\\/www.apras.org\\\/#organization\"},\"potentialAction\":[{\"@type\":\"SearchAction\",\"target\":{\"@type\":\"EntryPoint\",\"urlTemplate\":\"https:\\\/\\\/www.apras.org\\\/?s={search_term_string}\"},\"query-input\":{\"@type\":\"PropertyValueSpecification\",\"valueRequired\":true,\"valueName\":\"search_term_string\"}}],\"inLanguage\":\"en-US\"},{\"@type\":\"Organization\",\"@id\":\"https:\\\/\\\/www.apras.org\\\/#organization\",\"name\":\"APRAS\",\"url\":\"https:\\\/\\\/www.apras.org\\\/\",\"logo\":{\"@type\":\"ImageObject\",\"inLanguage\":\"en-US\",\"@id\":\"https:\\\/\\\/www.apras.org\\\/#\\\/schema\\\/logo\\\/image\\\/\",\"url\":\"https:\\\/\\\/www.apras.org\\\/wp-content\\\/uploads\\\/2020\\\/12\\\/logo-apras.svg\",\"contentUrl\":\"https:\\\/\\\/www.apras.org\\\/wp-content\\\/uploads\\\/2020\\\/12\\\/logo-apras.svg\",\"width\":1,\"height\":1,\"caption\":\"APRAS\"},\"image\":{\"@id\":\"https:\\\/\\\/www.apras.org\\\/#\\\/schema\\\/logo\\\/image\\\/\"}}]}<\/script>\n<!-- \/ Yoast SEO plugin. -->","yoast_head_json":{"title":"Les P\u00f4les Associatifs - APRAS","robots":{"index":"index","follow":"follow","max-snippet":"max-snippet:-1","max-image-preview":"max-image-preview:large","max-video-preview":"max-video-preview:-1"},"canonical":"https:\/\/www.apras.org\/les-poles-associatifs\/","og_locale":"en_US","og_type":"article","og_title":"Les P\u00f4les Associatifs - APRAS","og_description":"La cr\u00e9ation du premier p\u00f4le remonte \u00e0 2005 sur le quartier du Blosne. Ces \u00e9quipements correspondent \u00e0 une nouvelle approche de la vie associative, et r\u00e9pondent \u00e0 la volont\u00e9 d\u2019exp\u00e9rimenter de nouvelles formes d\u2019organisation en mutualisant des moyens et des comp\u00e9tences. La mutualisation r\u00e9pond aux r\u00e9alit\u00e9s actuelles du secteur associatif, avec la possibilit\u00e9 de partager [&hellip;]","og_url":"https:\/\/www.apras.org\/les-poles-associatifs\/","og_site_name":"APRAS","article_modified_time":"2026-04-20T07:15:32+00:00","og_image":[{"width":2560,"height":1438,"url":"https:\/\/www.apras.org\/wp-content\/uploads\/2020\/09\/photo-hall-PAM-scaled.jpg","type":"image\/jpeg"}],"twitter_card":"summary_large_image","twitter_misc":{"Est. reading time":"3 minutes"},"schema":{"@context":"https:\/\/schema.org","@graph":[{"@type":"WebPage","@id":"https:\/\/www.apras.org\/les-poles-associatifs\/","url":"https:\/\/www.apras.org\/les-poles-associatifs\/","name":"Les P\u00f4les Associatifs - APRAS","isPartOf":{"@id":"https:\/\/www.apras.org\/#website"},"primaryImageOfPage":{"@id":"https:\/\/www.apras.org\/les-poles-associatifs\/#primaryimage"},"image":{"@id":"https:\/\/www.apras.org\/les-poles-associatifs\/#primaryimage"},"thumbnailUrl":"https:\/\/www.apras.org\/wp-content\/uploads\/2020\/09\/photo-hall-PAM-scaled.jpg","datePublished":"2020-08-10T13:35:00+00:00","dateModified":"2026-04-20T07:15:32+00:00","breadcrumb":{"@id":"https:\/\/www.apras.org\/les-poles-associatifs\/#breadcrumb"},"inLanguage":"en-US","potentialAction":[{"@type":"ReadAction","target":["https:\/\/www.apras.org\/les-poles-associatifs\/"]}]},{"@type":"ImageObject","inLanguage":"en-US","@id":"https:\/\/www.apras.org\/les-poles-associatifs\/#primaryimage","url":"https:\/\/www.apras.org\/wp-content\/uploads\/2020\/09\/photo-hall-PAM-scaled.jpg","contentUrl":"https:\/\/www.apras.org\/wp-content\/uploads\/2020\/09\/photo-hall-PAM-scaled.jpg","width":2560,"height":1438},{"@type":"BreadcrumbList","@id":"https:\/\/www.apras.org\/les-poles-associatifs\/#breadcrumb","itemListElement":[{"@type":"ListItem","position":1,"name":"Accueil","item":"https:\/\/www.apras.org\/"},{"@type":"ListItem","position":2,"name":"Les P\u00f4les Associatifs"}]},{"@type":"WebSite","@id":"https:\/\/www.apras.org\/#website","url":"https:\/\/www.apras.org\/","name":"APRAS","description":"Le social partag\u00e9","publisher":{"@id":"https:\/\/www.apras.org\/#organization"},"potentialAction":[{"@type":"SearchAction","target":{"@type":"EntryPoint","urlTemplate":"https:\/\/www.apras.org\/?s={search_term_string}"},"query-input":{"@type":"PropertyValueSpecification","valueRequired":true,"valueName":"search_term_string"}}],"inLanguage":"en-US"},{"@type":"Organization","@id":"https:\/\/www.apras.org\/#organization","name":"APRAS","url":"https:\/\/www.apras.org\/","logo":{"@type":"ImageObject","inLanguage":"en-US","@id":"https:\/\/www.apras.org\/#\/schema\/logo\/image\/","url":"https:\/\/www.apras.org\/wp-content\/uploads\/2020\/12\/logo-apras.svg","contentUrl":"https:\/\/www.apras.org\/wp-content\/uploads\/2020\/12\/logo-apras.svg","width":1,"height":1,"caption":"APRAS"},"image":{"@id":"https:\/\/www.apras.org\/#\/schema\/logo\/image\/"}}]}},"_links":{"self":[{"href":"https:\/\/www.apras.org\/en\/wp-json\/wp\/v2\/pages\/82","targetHints":{"allow":["GET"]}}],"collection":[{"href":"https:\/\/www.apras.org\/en\/wp-json\/wp\/v2\/pages"}],"about":[{"href":"https:\/\/www.apras.org\/en\/wp-json\/wp\/v2\/types\/page"}],"author":[{"embeddable":true,"href":"https:\/\/www.apras.org\/en\/wp-json\/wp\/v2\/users\/1"}],"replies":[{"embeddable":true,"href":"https:\/\/www.apras.org\/en\/wp-json\/wp\/v2\/comments?post=82"}],"version-history":[{"count":16,"href":"https:\/\/www.apras.org\/en\/wp-json\/wp\/v2\/pages\/82\/revisions"}],"predecessor-version":[{"id":3368,"href":"https:\/\/www.apras.org\/en\/wp-json\/wp\/v2\/pages\/82\/revisions\/3368"}],"wp:featuredmedia":[{"embeddable":true,"href":"https:\/\/www.apras.org\/en\/wp-json\/wp\/v2\/media\/473"}],"wp:attachment":[{"href":"https:\/\/www.apras.org\/en\/wp-json\/wp\/v2\/media?parent=82"}],"curies":[{"name":"wp","href":"https:\/\/api.w.org\/{rel}","templated":true}]}}