{"id":85,"date":"2020-08-10T15:35:32","date_gmt":"2020-08-10T13:35:32","guid":{"rendered":"http:\/\/localhost\/apras.org\/?page_id=85"},"modified":"2025-03-06T16:34:57","modified_gmt":"2025-03-06T15:34:57","slug":"soutien-aux-initiatives-des-habitants","status":"publish","type":"page","link":"https:\/\/www.apras.org\/en\/soutien-aux-initiatives-des-habitants\/","title":{"rendered":"Soutien aux initiatives des habitants"},"content":{"rendered":"\n<h3 class=\"wp-block-heading has-text-align-center\">Depuis de nombreuses ann\u00e9es, l\u2019APRAS coordonne et anime plusieurs dispositifs pour soutenir les projets d\u2019animation dans les quartiers d\u2019habitat social&nbsp;:<\/h3>\n\n\n\n<ul class=\"wp-block-list\">\n<li><mark style=\"background-color:rgba(0, 0, 0, 0);color:#31ada2\" class=\"has-inline-color\">Un dispositif de \u00ab&nbsp;cr\u00e9dits d\u2019heures&nbsp;\u00bb prend en charge la location des salles polyvalentes de l\u2019APRAS ce qui permet&nbsp; aux habitants de se r\u00e9unir : couture, jeux de soci\u00e9t\u00e9, ateliers manuels, discussions\u2026 Autant d\u2019activit\u00e9s qui donnent une r\u00e9alit\u00e9 au vivre ensemble.<\/mark><\/li>\n<\/ul>\n\n\n\n<ul class=\"wp-block-list\">\n<li><mark style=\"background-color:rgba(0, 0, 0, 0);color:#31ada2\" class=\"has-inline-color\">Le \u00ab&nbsp;Fonds de concours aux initiatives habitants&nbsp;\u00bb permet gr\u00e2ce \u00e0 des bons d\u2019achats, de r\u00e9aliser des projets collectifs&nbsp;: jardins partag\u00e9s, repas entre voisins, d\u00e9coration d\u2019un hall\u2026<\/mark><\/li>\n<\/ul>\n\n\n\n<ul class=\"wp-block-list\">\n<li><mark style=\"background-color:rgba(0, 0, 0, 0);color:#31ada2\" class=\"has-inline-color\">Le \u00ab&nbsp;FONDS d\u2019ANIMATION HLM&nbsp;\u00bb est aliment\u00e9 par les bailleurs sociaux membres de l\u2019APRAS. Il permet de donner un coup de pouce financier aux associations qui d\u00e9veloppent un projet, ou organisent un \u00e9v\u00e8nement qui vont int\u00e9resser les habitants locataires des logements sociaux.<br>Priorit\u00e9 aux actions les plus accessibles qui favorisent les rencontres, l\u2019interconnaissance, la convivialit\u00e9, le partage, la d\u00e9couverte, le cadre de vie\u2026<\/mark><\/li>\n<\/ul>\n\n\n\n<p>Chaque projet est \u00e9tudi\u00e9 lors d\u2019une commission en pr\u00e9sence des collectifs d\u2019habitants. Une fois par an, l\u2019APRAS r\u00e9unit tous les collectifs d\u2019habitants lors d\u2019une journ\u00e9e de rencontre et de d\u00e9couverte th\u00e9matique.<\/p>\n\n\n\n<p><\/p>\n\n\n\n<div class=\"wp-block-columns is-layout-flex wp-container-core-columns-is-layout-9d6595d7 wp-block-columns-is-layout-flex\">\n<div class=\"wp-block-column is-layout-flow wp-block-column-is-layout-flow\"><div id=\"titre-parag-block_3fc33df379109b76b8f4a4153cfd6b28\" class=\"titre-parag-block card mb-6 shadow-lg bg-secondary text-white\">\r\n\t<div class=\"card-body\">\r\n\t\t<h3 class=\"titre-parag-title text-center display-3\">80 projets<\/h3>\r\n    <div class=\"titre-parag-texte text-center\">\r\n        <p>en moyenne sont soutenus financi\u00e8rement tous les ans<\/p>\n    <\/div>\r\n\t<\/div>\r\n    \r\n<\/div><\/div>\n\n\n\n<div class=\"wp-block-column is-layout-flow wp-block-column-is-layout-flow\" style=\"flex-basis:50.6%\"><div id=\"titre-parag-block_d3633b9a901dc973764c1960f2acc0f1\" class=\"titre-parag-block card mb-6 shadow-lg bg-secondary text-white\">\r\n\t<div class=\"card-body\">\r\n\t\t<h3 class=\"titre-parag-title text-center display-3\">50 collectifs<\/h3>\r\n    <div class=\"titre-parag-texte text-center\">\r\n        <p>b\u00e9n\u00e9ficient r\u00e9guli\u00e8rement des salles polyvalentes de l&#8217;APRAS<\/p>\n    <\/div>\r\n\t<\/div>\r\n    \r\n<\/div><\/div>\n<\/div>\n\n\n\n<div style=\"height:17px\" aria-hidden=\"true\" class=\"wp-block-spacer\"><\/div>\n\n\n\n<hr class=\"wp-block-separator has-css-opacity\"\/>\n\n\n\n<h2 class=\"wp-block-heading has-text-align-center has-text-color\" style=\"color:#31ada2\"><br><strong>Vous \u00eates un habitant de Rennes et vous avez un projet ? <br>Vous \u00eates une association et souhaitez proposer un projet&nbsp;?<\/strong><\/h2>\n\n\n\n<p class=\"has-text-align-center\">Pour faire une demande de soutien aupr\u00e8s de l\u2019APRAS, compl\u00e9tez le dossier suivant&nbsp; :<\/p>\n\n\n\n<div class=\"wp-block-group\"><div class=\"wp-block-group__inner-container is-layout-flow wp-block-group-is-layout-flow\">\n<div class=\"wp-block-columns is-layout-flex wp-container-core-columns-is-layout-9d6595d7 wp-block-columns-is-layout-flex\">\n<div class=\"wp-block-column is-vertically-aligned-top is-layout-flow wp-block-column-is-layout-flow\" style=\"flex-basis:57.1%\"><div class=\"wp-bootstrap-blocks-button text-center\">\n\t<a\n\t\thref=\"https:\/\/www.apras.org\/wp-content\/uploads\/2025\/03\/DOSSIER-demande-FAHLM-VR.pdf\"\n\t\t\t\t\ttarget=\"_blank\"\n\t\t\t\t\t\t\trel=\"noreferrer noopener\"\n\t\t\t\tclass=\"btn btn-primary\"\n\t>\n\t\tDossier FA HLM pour les associations\t<\/a>\n<\/div>\n<\/div>\n\n\n\n<div class=\"wp-block-column is-vertically-aligned-top is-layout-flow wp-block-column-is-layout-flow\" style=\"flex-basis:58.9%\"><div class=\"wp-bootstrap-blocks-button text-center\">\n\t<a\n\t\thref=\"https:\/\/www.apras.org\/wp-content\/uploads\/2025\/03\/DOSSIER-demande-FCIH-VR.pdf\"\n\t\t\t\t\ttarget=\"_blank\"\n\t\t\t\t\t\t\trel=\"noreferrer noopener\"\n\t\t\t\tclass=\"btn btn-primary\"\n\t>\n\t\tDossier FCIH pour les habitants\t<\/a>\n<\/div>\n<\/div>\n<\/div>\n\n\n<div class=\"wp-bootstrap-blocks-button text-center\">\n\t<a\n\t\thref=\"https:\/\/www.apras.org\/wp-content\/uploads\/2025\/03\/DOSSIER-Demande-local-pour-collectif-dhabitants-VR.pdf\"\n\t\t\t\t\ttarget=\"_blank\"\n\t\t\t\t\t\t\trel=\"noreferrer noopener\"\n\t\t\t\tclass=\"btn btn-primary\"\n\t>\n\t\tDossier pour louer une salle polyvalente\t<\/a>\n<\/div>\n<\/div><\/div>\n\n\n\n<div class=\"wp-block-columns is-layout-flex wp-container-core-columns-is-layout-9d6595d7 wp-block-columns-is-layout-flex\">\n<div class=\"wp-block-column is-layout-flow wp-block-column-is-layout-flow\"><\/div>\n<\/div>\n\n\n\n<div style=\"height:40px\" aria-hidden=\"true\" class=\"wp-block-spacer\"><\/div>\n\n\n\n<hr class=\"wp-block-separator has-css-opacity\"\/>\n\n\n\n<h2 class=\"wp-block-heading has-text-align-center has-text-color\" style=\"color:#31ada2\">LES PROJETS EN PHOTOS<\/h2>\n\n\n\n<p class=\"has-text-align-center\"><em>Cliquez sur la photo pour agrandir<\/em><\/p>\n\n\n\n<figure class=\"wp-block-gallery has-nested-images columns-4 is-cropped wp-block-gallery-1 is-layout-flex wp-block-gallery-is-layout-flex\">\n<figure class=\"wp-block-image size-large\"><a href=\"https:\/\/www.apras.org\/wp-content\/uploads\/2020\/11\/FJacq.jpg\"><img decoding=\"async\" width=\"1110\" height=\"735\" data-id=\"1343\" data-src=\"https:\/\/www.apras.org\/wp-content\/uploads\/2020\/11\/FJacq-1110x735.jpg\" alt=\"\" class=\"wp-image-1343 lazyload\" data-srcset=\"https:\/\/www.apras.org\/wp-content\/uploads\/2020\/11\/FJacq-1110x735.jpg 1110w, https:\/\/www.apras.org\/wp-content\/uploads\/2020\/11\/FJacq-453x300.jpg 453w, https:\/\/www.apras.org\/wp-content\/uploads\/2020\/11\/FJacq-1536x1017.jpg 1536w, https:\/\/www.apras.org\/wp-content\/uploads\/2020\/11\/FJacq-2048x1356.jpg 2048w\" data-sizes=\"(max-width: 1110px) 100vw, 1110px\" src=\"data:image\/svg+xml;base64,PHN2ZyB3aWR0aD0iMSIgaGVpZ2h0PSIxIiB4bWxucz0iaHR0cDovL3d3dy53My5vcmcvMjAwMC9zdmciPjwvc3ZnPg==\" style=\"--smush-placeholder-width: 1110px; --smush-placeholder-aspect-ratio: 1110\/735;\" \/><\/a><\/figure>\n\n\n\n<figure class=\"wp-block-image size-large\"><a href=\"https:\/\/www.apras.org\/wp-content\/uploads\/2020\/11\/FJacq2.jpg\"><img decoding=\"async\" width=\"1110\" height=\"735\" data-id=\"1345\" data-src=\"https:\/\/www.apras.org\/wp-content\/uploads\/2020\/11\/FJacq2-1110x735.jpg\" alt=\"\" class=\"wp-image-1345 lazyload\" data-srcset=\"https:\/\/www.apras.org\/wp-content\/uploads\/2020\/11\/FJacq2-1110x735.jpg 1110w, https:\/\/www.apras.org\/wp-content\/uploads\/2020\/11\/FJacq2-453x300.jpg 453w, https:\/\/www.apras.org\/wp-content\/uploads\/2020\/11\/FJacq2-1536x1017.jpg 1536w, https:\/\/www.apras.org\/wp-content\/uploads\/2020\/11\/FJacq2-2048x1356.jpg 2048w\" data-sizes=\"(max-width: 1110px) 100vw, 1110px\" src=\"data:image\/svg+xml;base64,PHN2ZyB3aWR0aD0iMSIgaGVpZ2h0PSIxIiB4bWxucz0iaHR0cDovL3d3dy53My5vcmcvMjAwMC9zdmciPjwvc3ZnPg==\" style=\"--smush-placeholder-width: 1110px; --smush-placeholder-aspect-ratio: 1110\/735;\" \/><\/a><\/figure>\n\n\n\n<figure class=\"wp-block-image size-large\"><a href=\"https:\/\/www.apras.org\/wp-content\/uploads\/2020\/11\/FJacq6.jpg\"><img decoding=\"async\" width=\"1110\" height=\"735\" data-id=\"1347\" data-src=\"https:\/\/www.apras.org\/wp-content\/uploads\/2020\/11\/FJacq6-1110x735.jpg\" alt=\"\" class=\"wp-image-1347 lazyload\" data-srcset=\"https:\/\/www.apras.org\/wp-content\/uploads\/2020\/11\/FJacq6-1110x735.jpg 1110w, https:\/\/www.apras.org\/wp-content\/uploads\/2020\/11\/FJacq6-453x300.jpg 453w, https:\/\/www.apras.org\/wp-content\/uploads\/2020\/11\/FJacq6-1536x1017.jpg 1536w, https:\/\/www.apras.org\/wp-content\/uploads\/2020\/11\/FJacq6-2048x1356.jpg 2048w\" data-sizes=\"(max-width: 1110px) 100vw, 1110px\" src=\"data:image\/svg+xml;base64,PHN2ZyB3aWR0aD0iMSIgaGVpZ2h0PSIxIiB4bWxucz0iaHR0cDovL3d3dy53My5vcmcvMjAwMC9zdmciPjwvc3ZnPg==\" style=\"--smush-placeholder-width: 1110px; --smush-placeholder-aspect-ratio: 1110\/735;\" \/><\/a><\/figure>\n\n\n\n<figure class=\"wp-block-image size-large\"><a href=\"https:\/\/www.apras.org\/wp-content\/uploads\/2020\/11\/FJacq7.jpg\"><img decoding=\"async\" width=\"1110\" height=\"735\" data-id=\"1349\" data-src=\"https:\/\/www.apras.org\/wp-content\/uploads\/2020\/11\/FJacq7-1110x735.jpg\" alt=\"\" class=\"wp-image-1349 lazyload\" data-srcset=\"https:\/\/www.apras.org\/wp-content\/uploads\/2020\/11\/FJacq7-1110x735.jpg 1110w, https:\/\/www.apras.org\/wp-content\/uploads\/2020\/11\/FJacq7-453x300.jpg 453w, https:\/\/www.apras.org\/wp-content\/uploads\/2020\/11\/FJacq7-1536x1017.jpg 1536w, https:\/\/www.apras.org\/wp-content\/uploads\/2020\/11\/FJacq7-2048x1356.jpg 2048w\" data-sizes=\"(max-width: 1110px) 100vw, 1110px\" src=\"data:image\/svg+xml;base64,PHN2ZyB3aWR0aD0iMSIgaGVpZ2h0PSIxIiB4bWxucz0iaHR0cDovL3d3dy53My5vcmcvMjAwMC9zdmciPjwvc3ZnPg==\" style=\"--smush-placeholder-width: 1110px; --smush-placeholder-aspect-ratio: 1110\/735;\" \/><\/a><\/figure>\n\n\n\n<figure class=\"wp-block-image size-large\"><a href=\"https:\/\/www.apras.org\/wp-content\/uploads\/2020\/11\/Landrel4_o.jpg\"><img decoding=\"async\" width=\"960\" height=\"720\" data-id=\"1351\" data-src=\"https:\/\/www.apras.org\/wp-content\/uploads\/2020\/11\/Landrel4_o.jpg\" alt=\"\" class=\"wp-image-1351 lazyload\" data-srcset=\"https:\/\/www.apras.org\/wp-content\/uploads\/2020\/11\/Landrel4_o.jpg 960w, https:\/\/www.apras.org\/wp-content\/uploads\/2020\/11\/Landrel4_o-400x300.jpg 400w\" data-sizes=\"(max-width: 960px) 100vw, 960px\" src=\"data:image\/svg+xml;base64,PHN2ZyB3aWR0aD0iMSIgaGVpZ2h0PSIxIiB4bWxucz0iaHR0cDovL3d3dy53My5vcmcvMjAwMC9zdmciPjwvc3ZnPg==\" style=\"--smush-placeholder-width: 960px; --smush-placeholder-aspect-ratio: 960\/720;\" \/><\/a><\/figure>\n\n\n\n<figure class=\"wp-block-image size-large\"><a href=\"https:\/\/www.apras.org\/wp-content\/uploads\/2020\/11\/Landrel7_o.jpg\"><img decoding=\"async\" width=\"960\" height=\"720\" data-id=\"1353\" data-src=\"https:\/\/www.apras.org\/wp-content\/uploads\/2020\/11\/Landrel7_o.jpg\" alt=\"\" class=\"wp-image-1353 lazyload\" data-srcset=\"https:\/\/www.apras.org\/wp-content\/uploads\/2020\/11\/Landrel7_o.jpg 960w, https:\/\/www.apras.org\/wp-content\/uploads\/2020\/11\/Landrel7_o-400x300.jpg 400w\" data-sizes=\"(max-width: 960px) 100vw, 960px\" src=\"data:image\/svg+xml;base64,PHN2ZyB3aWR0aD0iMSIgaGVpZ2h0PSIxIiB4bWxucz0iaHR0cDovL3d3dy53My5vcmcvMjAwMC9zdmciPjwvc3ZnPg==\" style=\"--smush-placeholder-width: 960px; --smush-placeholder-aspect-ratio: 960\/720;\" \/><\/a><\/figure>\n\n\n\n<figure class=\"wp-block-image size-large\"><a href=\"https:\/\/www.apras.org\/wp-content\/uploads\/2020\/11\/landrel25_o.jpg\"><img decoding=\"async\" width=\"959\" height=\"540\" data-id=\"1355\" data-src=\"https:\/\/www.apras.org\/wp-content\/uploads\/2020\/11\/landrel25_o.jpg\" alt=\"\" class=\"wp-image-1355 lazyload\" data-srcset=\"https:\/\/www.apras.org\/wp-content\/uploads\/2020\/11\/landrel25_o.jpg 959w, https:\/\/www.apras.org\/wp-content\/uploads\/2020\/11\/landrel25_o-533x300.jpg 533w\" data-sizes=\"(max-width: 959px) 100vw, 959px\" src=\"data:image\/svg+xml;base64,PHN2ZyB3aWR0aD0iMSIgaGVpZ2h0PSIxIiB4bWxucz0iaHR0cDovL3d3dy53My5vcmcvMjAwMC9zdmciPjwvc3ZnPg==\" style=\"--smush-placeholder-width: 959px; --smush-placeholder-aspect-ratio: 959\/540;\" \/><\/a><\/figure>\n\n\n\n<figure class=\"wp-block-image size-large\"><a href=\"https:\/\/www.apras.org\/wp-content\/uploads\/2020\/11\/Nimegue-scaled.jpg\"><img decoding=\"async\" width=\"1110\" height=\"833\" data-id=\"1357\" data-src=\"https:\/\/www.apras.org\/wp-content\/uploads\/2020\/11\/Nimegue-1110x833.jpg\" alt=\"\" class=\"wp-image-1357 lazyload\" data-srcset=\"https:\/\/www.apras.org\/wp-content\/uploads\/2020\/11\/Nimegue-1110x833.jpg 1110w, https:\/\/www.apras.org\/wp-content\/uploads\/2020\/11\/Nimegue-400x300.jpg 400w, https:\/\/www.apras.org\/wp-content\/uploads\/2020\/11\/Nimegue-1536x1152.jpg 1536w, https:\/\/www.apras.org\/wp-content\/uploads\/2020\/11\/Nimegue-2048x1536.jpg 2048w\" data-sizes=\"(max-width: 1110px) 100vw, 1110px\" src=\"data:image\/svg+xml;base64,PHN2ZyB3aWR0aD0iMSIgaGVpZ2h0PSIxIiB4bWxucz0iaHR0cDovL3d3dy53My5vcmcvMjAwMC9zdmciPjwvc3ZnPg==\" style=\"--smush-placeholder-width: 1110px; --smush-placeholder-aspect-ratio: 1110\/833;\" \/><\/a><\/figure>\n<\/figure>\n\n\n\n<div style=\"height:80px\" aria-hidden=\"true\" class=\"wp-block-spacer\"><\/div>\n\n\n\n<h2 class=\"wp-block-heading has-small-font-size\">Vous cherchez des renseignements sur<\/h2>\n\n\n\n<div class=\"wp-block-columns is-layout-flex wp-container-core-columns-is-layout-9d6595d7 wp-block-columns-is-layout-flex\">\n<div class=\"wp-block-column is-layout-flow wp-block-column-is-layout-flow\">\n<p><a href=\"https:\/\/www.apras.org\/les-locaux-collectifs-residentiels-lcr\/\">Les locaux collectifs<\/a><\/p>\n<\/div>\n\n\n\n<div class=\"wp-block-column is-layout-flow wp-block-column-is-layout-flow\">\n<p><a href=\"https:\/\/www.apras.org\/les-poles-associatifs\/\" data-type=\"page\" data-id=\"82\">Les P\u00f4les Associatifs<\/a><\/p>\n<\/div>\n<\/div>\n\n\n\n<p><\/p>\n","protected":false},"excerpt":{"rendered":"<p>Depuis de nombreuses ann\u00e9es, l\u2019APRAS coordonne et anime plusieurs dispositifs pour soutenir les projets d\u2019animation dans les quartiers d\u2019habitat social&nbsp;: Chaque projet est \u00e9tudi\u00e9 lors d\u2019une commission en pr\u00e9sence des collectifs d\u2019habitants. Une fois par an, l\u2019APRAS r\u00e9unit tous les collectifs d\u2019habitants lors d\u2019une journ\u00e9e de rencontre et de d\u00e9couverte th\u00e9matique. Vous \u00eates un habitant [&hellip;]<\/p>\n","protected":false},"author":1,"featured_media":496,"parent":0,"menu_order":0,"comment_status":"closed","ping_status":"closed","template":"","meta":{"_acf_changed":false,"footnotes":""},"class_list":["post-85","page","type-page","status-publish","has-post-thumbnail","hentry"],"acf":[],"yoast_head":"<!-- This site is optimized with the Yoast SEO plugin v27.3 - https:\/\/yoast.com\/product\/yoast-seo-wordpress\/ -->\n<title>Soutien aux initiatives des habitants - APRAS<\/title>\n<meta name=\"robots\" content=\"index, follow, max-snippet:-1, max-image-preview:large, max-video-preview:-1\" \/>\n<link rel=\"canonical\" href=\"https:\/\/www.apras.org\/soutien-aux-initiatives-des-habitants\/\" \/>\n<meta property=\"og:locale\" content=\"en_US\" \/>\n<meta property=\"og:type\" content=\"article\" \/>\n<meta property=\"og:title\" content=\"Soutien aux initiatives des habitants - APRAS\" \/>\n<meta property=\"og:description\" content=\"Depuis de nombreuses ann\u00e9es, l\u2019APRAS coordonne et anime plusieurs dispositifs pour soutenir les projets d\u2019animation dans les quartiers d\u2019habitat social&nbsp;: Chaque projet est \u00e9tudi\u00e9 lors d\u2019une commission en pr\u00e9sence des collectifs d\u2019habitants. Une fois par an, l\u2019APRAS r\u00e9unit tous les collectifs d\u2019habitants lors d\u2019une journ\u00e9e de rencontre et de d\u00e9couverte th\u00e9matique. Vous \u00eates un habitant [&hellip;]\" \/>\n<meta property=\"og:url\" content=\"https:\/\/www.apras.org\/soutien-aux-initiatives-des-habitants\/\" \/>\n<meta property=\"og:site_name\" content=\"APRAS\" \/>\n<meta property=\"article:modified_time\" content=\"2025-03-06T15:34:57+00:00\" \/>\n<meta property=\"og:image\" content=\"https:\/\/www.apras.org\/wp-content\/uploads\/2020\/09\/FCIH-repas-partage-scaled.jpg\" \/>\n\t<meta property=\"og:image:width\" content=\"2560\" \/>\n\t<meta property=\"og:image:height\" content=\"1707\" \/>\n\t<meta property=\"og:image:type\" content=\"image\/jpeg\" \/>\n<meta name=\"twitter:card\" content=\"summary_large_image\" \/>\n<meta name=\"twitter:label1\" content=\"Est. reading time\" \/>\n\t<meta name=\"twitter:data1\" content=\"3 minutes\" \/>\n<script type=\"application\/ld+json\" class=\"yoast-schema-graph\">{\"@context\":\"https:\\\/\\\/schema.org\",\"@graph\":[{\"@type\":\"WebPage\",\"@id\":\"https:\\\/\\\/www.apras.org\\\/soutien-aux-initiatives-des-habitants\\\/\",\"url\":\"https:\\\/\\\/www.apras.org\\\/soutien-aux-initiatives-des-habitants\\\/\",\"name\":\"Soutien aux initiatives des habitants - APRAS\",\"isPartOf\":{\"@id\":\"https:\\\/\\\/www.apras.org\\\/#website\"},\"primaryImageOfPage\":{\"@id\":\"https:\\\/\\\/www.apras.org\\\/soutien-aux-initiatives-des-habitants\\\/#primaryimage\"},\"image\":{\"@id\":\"https:\\\/\\\/www.apras.org\\\/soutien-aux-initiatives-des-habitants\\\/#primaryimage\"},\"thumbnailUrl\":\"https:\\\/\\\/www.apras.org\\\/wp-content\\\/uploads\\\/2020\\\/09\\\/FCIH-repas-partage-scaled.jpg\",\"datePublished\":\"2020-08-10T13:35:32+00:00\",\"dateModified\":\"2025-03-06T15:34:57+00:00\",\"breadcrumb\":{\"@id\":\"https:\\\/\\\/www.apras.org\\\/soutien-aux-initiatives-des-habitants\\\/#breadcrumb\"},\"inLanguage\":\"en-US\",\"potentialAction\":[{\"@type\":\"ReadAction\",\"target\":[\"https:\\\/\\\/www.apras.org\\\/soutien-aux-initiatives-des-habitants\\\/\"]}]},{\"@type\":\"ImageObject\",\"inLanguage\":\"en-US\",\"@id\":\"https:\\\/\\\/www.apras.org\\\/soutien-aux-initiatives-des-habitants\\\/#primaryimage\",\"url\":\"https:\\\/\\\/www.apras.org\\\/wp-content\\\/uploads\\\/2020\\\/09\\\/FCIH-repas-partage-scaled.jpg\",\"contentUrl\":\"https:\\\/\\\/www.apras.org\\\/wp-content\\\/uploads\\\/2020\\\/09\\\/FCIH-repas-partage-scaled.jpg\",\"width\":2560,\"height\":1707},{\"@type\":\"BreadcrumbList\",\"@id\":\"https:\\\/\\\/www.apras.org\\\/soutien-aux-initiatives-des-habitants\\\/#breadcrumb\",\"itemListElement\":[{\"@type\":\"ListItem\",\"position\":1,\"name\":\"Accueil\",\"item\":\"https:\\\/\\\/www.apras.org\\\/\"},{\"@type\":\"ListItem\",\"position\":2,\"name\":\"Soutien aux initiatives des habitants\"}]},{\"@type\":\"WebSite\",\"@id\":\"https:\\\/\\\/www.apras.org\\\/#website\",\"url\":\"https:\\\/\\\/www.apras.org\\\/\",\"name\":\"APRAS\",\"description\":\"Le social partag\u00e9\",\"publisher\":{\"@id\":\"https:\\\/\\\/www.apras.org\\\/#organization\"},\"potentialAction\":[{\"@type\":\"SearchAction\",\"target\":{\"@type\":\"EntryPoint\",\"urlTemplate\":\"https:\\\/\\\/www.apras.org\\\/?s={search_term_string}\"},\"query-input\":{\"@type\":\"PropertyValueSpecification\",\"valueRequired\":true,\"valueName\":\"search_term_string\"}}],\"inLanguage\":\"en-US\"},{\"@type\":\"Organization\",\"@id\":\"https:\\\/\\\/www.apras.org\\\/#organization\",\"name\":\"APRAS\",\"url\":\"https:\\\/\\\/www.apras.org\\\/\",\"logo\":{\"@type\":\"ImageObject\",\"inLanguage\":\"en-US\",\"@id\":\"https:\\\/\\\/www.apras.org\\\/#\\\/schema\\\/logo\\\/image\\\/\",\"url\":\"https:\\\/\\\/www.apras.org\\\/wp-content\\\/uploads\\\/2020\\\/12\\\/logo-apras.svg\",\"contentUrl\":\"https:\\\/\\\/www.apras.org\\\/wp-content\\\/uploads\\\/2020\\\/12\\\/logo-apras.svg\",\"width\":1,\"height\":1,\"caption\":\"APRAS\"},\"image\":{\"@id\":\"https:\\\/\\\/www.apras.org\\\/#\\\/schema\\\/logo\\\/image\\\/\"}}]}<\/script>\n<!-- \/ Yoast SEO plugin. -->","yoast_head_json":{"title":"Soutien aux initiatives des habitants - APRAS","robots":{"index":"index","follow":"follow","max-snippet":"max-snippet:-1","max-image-preview":"max-image-preview:large","max-video-preview":"max-video-preview:-1"},"canonical":"https:\/\/www.apras.org\/soutien-aux-initiatives-des-habitants\/","og_locale":"en_US","og_type":"article","og_title":"Soutien aux initiatives des habitants - APRAS","og_description":"Depuis de nombreuses ann\u00e9es, l\u2019APRAS coordonne et anime plusieurs dispositifs pour soutenir les projets d\u2019animation dans les quartiers d\u2019habitat social&nbsp;: Chaque projet est \u00e9tudi\u00e9 lors d\u2019une commission en pr\u00e9sence des collectifs d\u2019habitants. Une fois par an, l\u2019APRAS r\u00e9unit tous les collectifs d\u2019habitants lors d\u2019une journ\u00e9e de rencontre et de d\u00e9couverte th\u00e9matique. Vous \u00eates un habitant [&hellip;]","og_url":"https:\/\/www.apras.org\/soutien-aux-initiatives-des-habitants\/","og_site_name":"APRAS","article_modified_time":"2025-03-06T15:34:57+00:00","og_image":[{"width":2560,"height":1707,"url":"https:\/\/www.apras.org\/wp-content\/uploads\/2020\/09\/FCIH-repas-partage-scaled.jpg","type":"image\/jpeg"}],"twitter_card":"summary_large_image","twitter_misc":{"Est. reading time":"3 minutes"},"schema":{"@context":"https:\/\/schema.org","@graph":[{"@type":"WebPage","@id":"https:\/\/www.apras.org\/soutien-aux-initiatives-des-habitants\/","url":"https:\/\/www.apras.org\/soutien-aux-initiatives-des-habitants\/","name":"Soutien aux initiatives des habitants - APRAS","isPartOf":{"@id":"https:\/\/www.apras.org\/#website"},"primaryImageOfPage":{"@id":"https:\/\/www.apras.org\/soutien-aux-initiatives-des-habitants\/#primaryimage"},"image":{"@id":"https:\/\/www.apras.org\/soutien-aux-initiatives-des-habitants\/#primaryimage"},"thumbnailUrl":"https:\/\/www.apras.org\/wp-content\/uploads\/2020\/09\/FCIH-repas-partage-scaled.jpg","datePublished":"2020-08-10T13:35:32+00:00","dateModified":"2025-03-06T15:34:57+00:00","breadcrumb":{"@id":"https:\/\/www.apras.org\/soutien-aux-initiatives-des-habitants\/#breadcrumb"},"inLanguage":"en-US","potentialAction":[{"@type":"ReadAction","target":["https:\/\/www.apras.org\/soutien-aux-initiatives-des-habitants\/"]}]},{"@type":"ImageObject","inLanguage":"en-US","@id":"https:\/\/www.apras.org\/soutien-aux-initiatives-des-habitants\/#primaryimage","url":"https:\/\/www.apras.org\/wp-content\/uploads\/2020\/09\/FCIH-repas-partage-scaled.jpg","contentUrl":"https:\/\/www.apras.org\/wp-content\/uploads\/2020\/09\/FCIH-repas-partage-scaled.jpg","width":2560,"height":1707},{"@type":"BreadcrumbList","@id":"https:\/\/www.apras.org\/soutien-aux-initiatives-des-habitants\/#breadcrumb","itemListElement":[{"@type":"ListItem","position":1,"name":"Accueil","item":"https:\/\/www.apras.org\/"},{"@type":"ListItem","position":2,"name":"Soutien aux initiatives des habitants"}]},{"@type":"WebSite","@id":"https:\/\/www.apras.org\/#website","url":"https:\/\/www.apras.org\/","name":"APRAS","description":"Le social partag\u00e9","publisher":{"@id":"https:\/\/www.apras.org\/#organization"},"potentialAction":[{"@type":"SearchAction","target":{"@type":"EntryPoint","urlTemplate":"https:\/\/www.apras.org\/?s={search_term_string}"},"query-input":{"@type":"PropertyValueSpecification","valueRequired":true,"valueName":"search_term_string"}}],"inLanguage":"en-US"},{"@type":"Organization","@id":"https:\/\/www.apras.org\/#organization","name":"APRAS","url":"https:\/\/www.apras.org\/","logo":{"@type":"ImageObject","inLanguage":"en-US","@id":"https:\/\/www.apras.org\/#\/schema\/logo\/image\/","url":"https:\/\/www.apras.org\/wp-content\/uploads\/2020\/12\/logo-apras.svg","contentUrl":"https:\/\/www.apras.org\/wp-content\/uploads\/2020\/12\/logo-apras.svg","width":1,"height":1,"caption":"APRAS"},"image":{"@id":"https:\/\/www.apras.org\/#\/schema\/logo\/image\/"}}]}},"_links":{"self":[{"href":"https:\/\/www.apras.org\/en\/wp-json\/wp\/v2\/pages\/85","targetHints":{"allow":["GET"]}}],"collection":[{"href":"https:\/\/www.apras.org\/en\/wp-json\/wp\/v2\/pages"}],"about":[{"href":"https:\/\/www.apras.org\/en\/wp-json\/wp\/v2\/types\/page"}],"author":[{"embeddable":true,"href":"https:\/\/www.apras.org\/en\/wp-json\/wp\/v2\/users\/1"}],"replies":[{"embeddable":true,"href":"https:\/\/www.apras.org\/en\/wp-json\/wp\/v2\/comments?post=85"}],"version-history":[{"count":7,"href":"https:\/\/www.apras.org\/en\/wp-json\/wp\/v2\/pages\/85\/revisions"}],"predecessor-version":[{"id":3113,"href":"https:\/\/www.apras.org\/en\/wp-json\/wp\/v2\/pages\/85\/revisions\/3113"}],"wp:featuredmedia":[{"embeddable":true,"href":"https:\/\/www.apras.org\/en\/wp-json\/wp\/v2\/media\/496"}],"wp:attachment":[{"href":"https:\/\/www.apras.org\/en\/wp-json\/wp\/v2\/media?parent=85"}],"curies":[{"name":"wp","href":"https:\/\/api.w.org\/{rel}","templated":true}]}}